{"id":943,"date":"2021-11-26T17:02:50","date_gmt":"2021-11-26T17:02:50","guid":{"rendered":"https:\/\/vbarbieri.com.br\/gaap\/?page_id=943"},"modified":"2024-03-22T12:12:21","modified_gmt":"2024-03-22T12:12:21","slug":"gaap-nos-estados-unidos","status":"publish","type":"page","link":"https:\/\/gaap.com.br\/en\/gaap-nos-estados-unidos\/","title":{"rendered":"GAAP IN THE UNITED STATES"},"content":{"rendered":"<div data-elementor-type=\"wp-page\" data-elementor-id=\"943\" class=\"elementor elementor-943\">\n\t\t\t\t\t\t<section class=\"elementor-section elementor-top-section elementor-element elementor-element-3a6f792 elementor-section-full_width elementor-section-height-min-height elementor-section-height-default elementor-section-items-middle\" data-id=\"3a6f792\" data-element_type=\"section\" data-e-type=\"section\" data-settings=\"{&quot;background_background&quot;:&quot;classic&quot;}\">\n\t\t\t\t\t\t\t<div class=\"elementor-background-overlay\"><\/div>\n\t\t\t\t\t\t\t<div class=\"elementor-container elementor-column-gap-default\">\n\t\t\t\t\t<div class=\"elementor-column elementor-col-100 elementor-top-column elementor-element elementor-element-353bc290\" data-id=\"353bc290\" data-element_type=\"column\" data-e-type=\"column\">\n\t\t\t<div class=\"elementor-widget-wrap elementor-element-populated\">\n\t\t\t\t\t\t<div class=\"elementor-element elementor-element-f297334 elementor-widget elementor-widget-heading\" data-id=\"f297334\" data-element_type=\"widget\" data-e-type=\"widget\" data-widget_type=\"heading.default\">\n\t\t\t\t<div class=\"elementor-widget-container\">\n\t\t\t\t\t<h2 class=\"elementor-heading-title elementor-size-default\">GAAP IN THE UNITED STATES<\/h2>\t\t\t\t<\/div>\n\t\t\t\t<\/div>\n\t\t\t\t\t<\/div>\n\t\t<\/div>\n\t\t\t\t\t<\/div>\n\t\t<\/section>\n\t\t\t\t<section class=\"elementor-section elementor-top-section elementor-element elementor-element-d6d23ca elementor-section-full_width elementor-section-height-min-height elementor-section-height-default elementor-section-items-middle\" data-id=\"d6d23ca\" data-element_type=\"section\" data-e-type=\"section\" data-settings=\"{&quot;background_background&quot;:&quot;classic&quot;}\">\n\t\t\t\t\t\t<div class=\"elementor-container elementor-column-gap-default\">\n\t\t\t\t\t<div class=\"elementor-column elementor-col-100 elementor-top-column elementor-element elementor-element-5241940b\" data-id=\"5241940b\" data-element_type=\"column\" data-e-type=\"column\">\n\t\t\t<div class=\"elementor-widget-wrap elementor-element-populated\">\n\t\t\t\t\t\t<div class=\"elementor-element elementor-element-30040337 elementor-widget elementor-widget-text-editor\" data-id=\"30040337\" data-element_type=\"widget\" data-e-type=\"widget\" data-widget_type=\"text-editor.default\">\n\t\t\t\t<div class=\"elementor-widget-container\">\n\t\t\t\t\t\t\t\t\t<p><span style=\"color: #333333;\">Expanding your business into the United States has never been easier! With the help of our experts we show you the economic step-by-step of opening a company in the USA so that you can understand in a practical way the following procedures:<\/span><\/p>\n<p><span style=\"color: #333333;\">-Incorporation of companies in any US state;<\/span><br><span style=\"color: #333333;\">-Execu\u00e7\u00e3o de contabilidade (bookkeeping);<\/span><br><span style=\"color: #333333;\">-Corporate income tax return;<\/span><br><span style=\"color: #333333;\">-Income Tax Return for Individuals;<\/span><br><span style=\"color: #333333;\">-Preparation of the Annual Report which is mandatory in the USA;<\/span><br><span style=\"color: #333333;\">-Registration agent services;<\/span><br><span style=\"color: #333333;\">-Obtaining the ITIN Number (Individual Taxpayer Identification Number).<\/span><\/p>\t\t\t\t\t\t\t\t<\/div>\n\t\t\t\t<\/div>\n\t\t\t\t\t<\/div>\n\t\t<\/div>\n\t\t\t\t\t<\/div>\n\t\t<\/section>\n\t\t\t\t<section class=\"elementor-section elementor-top-section elementor-element elementor-element-6fd7880c elementor-section-full_width elementor-section-height-min-height elementor-section-height-default elementor-section-items-middle\" data-id=\"6fd7880c\" data-element_type=\"section\" data-e-type=\"section\" data-settings=\"{&quot;background_background&quot;:&quot;classic&quot;}\">\n\t\t\t\t\t\t<div class=\"elementor-container elementor-column-gap-default\">\n\t\t\t\t\t<div class=\"elementor-column elementor-col-100 elementor-top-column elementor-element elementor-element-2bc73dde\" data-id=\"2bc73dde\" data-element_type=\"column\" data-e-type=\"column\">\n\t\t\t<div class=\"elementor-widget-wrap elementor-element-populated\">\n\t\t\t\t\t\t<div class=\"elementor-element elementor-element-125e88f elementor-widget elementor-widget-heading\" data-id=\"125e88f\" data-element_type=\"widget\" data-e-type=\"widget\" data-widget_type=\"heading.default\">\n\t\t\t\t<div class=\"elementor-widget-container\">\n\t\t\t\t\t<h2 class=\"elementor-heading-title elementor-size-default\">Quer conhecer mais sobre nossas solu\u00e7\u00f5es cont\u00e1beis?<\/h2>\t\t\t\t<\/div>\n\t\t\t\t<\/div>\n\t\t\t\t<div class=\"elementor-element elementor-element-414fc33c elementor-widget elementor-widget-heading\" data-id=\"414fc33c\" data-element_type=\"widget\" data-e-type=\"widget\" data-widget_type=\"heading.default\">\n\t\t\t\t<div class=\"elementor-widget-container\">\n\t\t\t\t\t<h2 class=\"elementor-heading-title elementor-size-default\">Contact our experts.<\/h2>\t\t\t\t<\/div>\n\t\t\t\t<\/div>\n\t\t\t\t<div class=\"elementor-element elementor-element-43d84a97 elementor-align-center elementor-widget elementor-widget-button\" data-id=\"43d84a97\" data-element_type=\"widget\" data-e-type=\"widget\" data-widget_type=\"button.default\">\n\t\t\t\t<div class=\"elementor-widget-container\">\n\t\t\t\t\t\t\t\t\t<div class=\"elementor-button-wrapper\">\n\t\t\t\t\t<a class=\"elementor-button elementor-button-link elementor-size-sm\" href=\"https:\/\/gaap.com.br\/en\/contato\/\">\n\t\t\t\t\t\t<span class=\"elementor-button-content-wrapper\">\n\t\t\t\t\t\t\t\t\t<span class=\"elementor-button-text\">Click here to do it.<\/span>\n\t\t\t\t\t<\/span>\n\t\t\t\t\t<\/a>\n\t\t\t\t<\/div>\n\t\t\t\t\t\t\t\t<\/div>\n\t\t\t\t<\/div>\n\t\t\t\t\t<\/div>\n\t\t<\/div>\n\t\t\t\t\t<\/div>\n\t\t<\/section>\n\t\t\t\t<\/div>","protected":false},"excerpt":{"rendered":"<p>GAAP NOS ESTADOS UNIDOS Expandir sua empresa para os Estados Unidos nunca foi t\u00e3o simples! Com a ajuda de nossos especialistas mostramos o passo a passo econ\u00f4mico da abertura de uma empresa em solo norte-americano para que voc\u00ea possa entender<\/p>","protected":false},"author":1,"featured_media":0,"parent":0,"menu_order":0,"comment_status":"closed","ping_status":"closed","template":"elementor_header_footer","meta":{"_acf_changed":false,"_eb_attr":"","footnotes":""},"class_list":["post-943","page","type-page","status-publish","hentry"],"acf":[],"yoast_head":"<!-- This site is optimized with the Yoast SEO plugin v26.9 - https:\/\/yoast.com\/product\/yoast-seo-wordpress\/ -->\n<title>GAAP nos Estados Unidos - GAAP Auditores &amp; Consultores<\/title>\n<meta name=\"description\" content=\"Expandir sua empresa para os Estados Unidos nunca foi t\u00e3o simples! Com a ajuda de nossos especialistas mostramos o passo a passo.\" \/>\n<meta name=\"robots\" content=\"index, follow, max-snippet:-1, max-image-preview:large, max-video-preview:-1\" \/>\n<link rel=\"canonical\" href=\"https:\/\/gaap.com.br\/en\/gaap-nos-estados-unidos\/\" \/>\n<meta property=\"og:locale\" content=\"en_US\" \/>\n<meta property=\"og:type\" content=\"article\" \/>\n<meta property=\"og:title\" content=\"GAAP nos Estados Unidos - GAAP Auditores &amp; Consultores\" \/>\n<meta property=\"og:description\" content=\"Expandir sua empresa para os Estados Unidos nunca foi t\u00e3o simples! Com a ajuda de nossos especialistas mostramos o passo a passo.\" \/>\n<meta property=\"og:url\" content=\"https:\/\/gaap.com.br\/en\/gaap-nos-estados-unidos\/\" \/>\n<meta property=\"og:site_name\" content=\"GAAP Auditores &amp; Consultores\" \/>\n<meta property=\"article:publisher\" content=\"https:\/\/www.facebook.com\/gaapauditoreseconsultores\/\" \/>\n<meta property=\"article:modified_time\" content=\"2024-03-22T12:12:21+00:00\" \/>\n<meta property=\"og:image\" content=\"https:\/\/gaap.com.br\/wp-content\/uploads\/2023\/07\/GAAP-Auditores-e-Consultores-Contabilidade.png\" \/>\n\t<meta property=\"og:image:width\" content=\"1200\" \/>\n\t<meta property=\"og:image:height\" content=\"675\" \/>\n\t<meta property=\"og:image:type\" content=\"image\/png\" \/>\n<meta name=\"twitter:card\" content=\"summary_large_image\" \/>\n<meta name=\"twitter:label1\" content=\"Est. reading time\" \/>\n\t<meta name=\"twitter:data1\" content=\"1 minute\" \/>\n<script type=\"application\/ld+json\" class=\"yoast-schema-graph\">{\"@context\":\"https:\/\/schema.org\",\"@graph\":[{\"@type\":\"WebPage\",\"@id\":\"https:\/\/gaap.com.br\/gaap-nos-estados-unidos\/\",\"url\":\"https:\/\/gaap.com.br\/gaap-nos-estados-unidos\/\",\"name\":\"GAAP nos Estados Unidos - GAAP Auditores &amp; Consultores\",\"isPartOf\":{\"@id\":\"https:\/\/gaap.com.br\/#website\"},\"datePublished\":\"2021-11-26T17:02:50+00:00\",\"dateModified\":\"2024-03-22T12:12:21+00:00\",\"description\":\"Expandir sua empresa para os Estados Unidos nunca foi t\u00e3o simples! Com a ajuda de nossos especialistas mostramos o passo a passo.\",\"breadcrumb\":{\"@id\":\"https:\/\/gaap.com.br\/gaap-nos-estados-unidos\/#breadcrumb\"},\"inLanguage\":\"en-US\",\"potentialAction\":[{\"@type\":\"ReadAction\",\"target\":[\"https:\/\/gaap.com.br\/gaap-nos-estados-unidos\/\"]}]},{\"@type\":\"BreadcrumbList\",\"@id\":\"https:\/\/gaap.com.br\/gaap-nos-estados-unidos\/#breadcrumb\",\"itemListElement\":[{\"@type\":\"ListItem\",\"position\":1,\"name\":\"In\u00edcio\",\"item\":\"https:\/\/gaap.com.br\/\"},{\"@type\":\"ListItem\",\"position\":2,\"name\":\"GAAP nos Estados Unidos\"}]},{\"@type\":\"WebSite\",\"@id\":\"https:\/\/gaap.com.br\/#website\",\"url\":\"https:\/\/gaap.com.br\/\",\"name\":\"GAAP Auditores & Consultores\",\"description\":\"Aprimoramos seus controles gerenciais para sua empresa manter o foco em multiplicar os neg\u00f3cios. Voc\u00ea multiplica seus neg\u00f3cios e n\u00f3s cuidamos da burocracia cont\u00e1bil.\",\"publisher\":{\"@id\":\"https:\/\/gaap.com.br\/#organization\"},\"alternateName\":\"GAAP Contabilidade\",\"potentialAction\":[{\"@type\":\"SearchAction\",\"target\":{\"@type\":\"EntryPoint\",\"urlTemplate\":\"https:\/\/gaap.com.br\/?s={search_term_string}\"},\"query-input\":{\"@type\":\"PropertyValueSpecification\",\"valueRequired\":true,\"valueName\":\"search_term_string\"}}],\"inLanguage\":\"en-US\"},{\"@type\":\"Organization\",\"@id\":\"https:\/\/gaap.com.br\/#organization\",\"name\":\"GAAP Auditores & Consultores\",\"alternateName\":\"GAAP Contabilidade\",\"url\":\"https:\/\/gaap.com.br\/\",\"logo\":{\"@type\":\"ImageObject\",\"inLanguage\":\"en-US\",\"@id\":\"https:\/\/gaap.com.br\/#\/schema\/logo\/image\/\",\"url\":\"https:\/\/gaap.com.br\/wp-content\/uploads\/2023\/07\/Logo-GAAP-Auditores-e-Consultores-Contabilidade.png\",\"contentUrl\":\"https:\/\/gaap.com.br\/wp-content\/uploads\/2023\/07\/Logo-GAAP-Auditores-e-Consultores-Contabilidade.png\",\"width\":500,\"height\":500,\"caption\":\"GAAP Auditores & Consultores\"},\"image\":{\"@id\":\"https:\/\/gaap.com.br\/#\/schema\/logo\/image\/\"},\"sameAs\":[\"https:\/\/www.facebook.com\/gaapauditoreseconsultores\/\",\"https:\/\/www.instagram.com\/gaap.auditoreseconsultores\/\",\"https:\/\/www.linkedin.com\/company\/gaapauditoreseconsultores\/?viewAsMember=true\"]}]}<\/script>\n<!-- \/ Yoast SEO plugin. -->","yoast_head_json":{"title":"GAAP nos Estados Unidos - GAAP Auditores &amp; Consultores","description":"Expandir sua empresa para os Estados Unidos nunca foi t\u00e3o simples! Com a ajuda de nossos especialistas mostramos o passo a passo.","robots":{"index":"index","follow":"follow","max-snippet":"max-snippet:-1","max-image-preview":"max-image-preview:large","max-video-preview":"max-video-preview:-1"},"canonical":"https:\/\/gaap.com.br\/en\/gaap-nos-estados-unidos\/","og_locale":"en_US","og_type":"article","og_title":"GAAP nos Estados Unidos - GAAP Auditores &amp; Consultores","og_description":"Expandir sua empresa para os Estados Unidos nunca foi t\u00e3o simples! Com a ajuda de nossos especialistas mostramos o passo a passo.","og_url":"https:\/\/gaap.com.br\/en\/gaap-nos-estados-unidos\/","og_site_name":"GAAP Auditores &amp; Consultores","article_publisher":"https:\/\/www.facebook.com\/gaapauditoreseconsultores\/","article_modified_time":"2024-03-22T12:12:21+00:00","og_image":[{"width":1200,"height":675,"url":"https:\/\/gaap.com.br\/wp-content\/uploads\/2023\/07\/GAAP-Auditores-e-Consultores-Contabilidade.png","type":"image\/png"}],"twitter_card":"summary_large_image","twitter_misc":{"Est. reading time":"1 minute"},"schema":{"@context":"https:\/\/schema.org","@graph":[{"@type":"WebPage","@id":"https:\/\/gaap.com.br\/gaap-nos-estados-unidos\/","url":"https:\/\/gaap.com.br\/gaap-nos-estados-unidos\/","name":"GAAP nos Estados Unidos - GAAP Auditores &amp; Consultores","isPartOf":{"@id":"https:\/\/gaap.com.br\/#website"},"datePublished":"2021-11-26T17:02:50+00:00","dateModified":"2024-03-22T12:12:21+00:00","description":"Expandir sua empresa para os Estados Unidos nunca foi t\u00e3o simples! Com a ajuda de nossos especialistas mostramos o passo a passo.","breadcrumb":{"@id":"https:\/\/gaap.com.br\/gaap-nos-estados-unidos\/#breadcrumb"},"inLanguage":"en-US","potentialAction":[{"@type":"ReadAction","target":["https:\/\/gaap.com.br\/gaap-nos-estados-unidos\/"]}]},{"@type":"BreadcrumbList","@id":"https:\/\/gaap.com.br\/gaap-nos-estados-unidos\/#breadcrumb","itemListElement":[{"@type":"ListItem","position":1,"name":"In\u00edcio","item":"https:\/\/gaap.com.br\/"},{"@type":"ListItem","position":2,"name":"GAAP nos Estados Unidos"}]},{"@type":"WebSite","@id":"https:\/\/gaap.com.br\/#website","url":"https:\/\/gaap.com.br\/","name":"GAAP Auditores & Consultores","description":"Aprimoramos seus controles gerenciais para sua empresa manter o foco em multiplicar os neg\u00f3cios. Voc\u00ea multiplica seus neg\u00f3cios e n\u00f3s cuidamos da burocracia cont\u00e1bil.","publisher":{"@id":"https:\/\/gaap.com.br\/#organization"},"alternateName":"GAAP Contabilidade","potentialAction":[{"@type":"SearchAction","target":{"@type":"EntryPoint","urlTemplate":"https:\/\/gaap.com.br\/?s={search_term_string}"},"query-input":{"@type":"PropertyValueSpecification","valueRequired":true,"valueName":"search_term_string"}}],"inLanguage":"en-US"},{"@type":"Organization","@id":"https:\/\/gaap.com.br\/#organization","name":"GAAP Auditores & Consultores","alternateName":"GAAP Contabilidade","url":"https:\/\/gaap.com.br\/","logo":{"@type":"ImageObject","inLanguage":"en-US","@id":"https:\/\/gaap.com.br\/#\/schema\/logo\/image\/","url":"https:\/\/gaap.com.br\/wp-content\/uploads\/2023\/07\/Logo-GAAP-Auditores-e-Consultores-Contabilidade.png","contentUrl":"https:\/\/gaap.com.br\/wp-content\/uploads\/2023\/07\/Logo-GAAP-Auditores-e-Consultores-Contabilidade.png","width":500,"height":500,"caption":"GAAP Auditores & Consultores"},"image":{"@id":"https:\/\/gaap.com.br\/#\/schema\/logo\/image\/"},"sameAs":["https:\/\/www.facebook.com\/gaapauditoreseconsultores\/","https:\/\/www.instagram.com\/gaap.auditoreseconsultores\/","https:\/\/www.linkedin.com\/company\/gaapauditoreseconsultores\/?viewAsMember=true"]}]}},"_links":{"self":[{"href":"https:\/\/gaap.com.br\/en\/wp-json\/wp\/v2\/pages\/943","targetHints":{"allow":["GET"]}}],"collection":[{"href":"https:\/\/gaap.com.br\/en\/wp-json\/wp\/v2\/pages"}],"about":[{"href":"https:\/\/gaap.com.br\/en\/wp-json\/wp\/v2\/types\/page"}],"author":[{"embeddable":true,"href":"https:\/\/gaap.com.br\/en\/wp-json\/wp\/v2\/users\/1"}],"replies":[{"embeddable":true,"href":"https:\/\/gaap.com.br\/en\/wp-json\/wp\/v2\/comments?post=943"}],"version-history":[{"count":49,"href":"https:\/\/gaap.com.br\/en\/wp-json\/wp\/v2\/pages\/943\/revisions"}],"predecessor-version":[{"id":3059,"href":"https:\/\/gaap.com.br\/en\/wp-json\/wp\/v2\/pages\/943\/revisions\/3059"}],"wp:attachment":[{"href":"https:\/\/gaap.com.br\/en\/wp-json\/wp\/v2\/media?parent=943"}],"curies":[{"name":"wp","href":"https:\/\/api.w.org\/{rel}","templated":true}]}}