{"id":91,"date":"2021-08-09T20:50:36","date_gmt":"2021-08-09T20:50:36","guid":{"rendered":"https:\/\/vbarbieri.com.br\/gaap\/?page_id=91"},"modified":"2023-08-26T02:28:20","modified_gmt":"2023-08-26T02:28:20","slug":"contato","status":"publish","type":"page","link":"https:\/\/gaap.com.br\/en\/contato\/","title":{"rendered":"Contact"},"content":{"rendered":"<div data-elementor-type=\"wp-page\" data-elementor-id=\"91\" class=\"elementor elementor-91\">\n\t\t\t\t\t\t<section class=\"elementor-section elementor-top-section elementor-element elementor-element-37a1525 elementor-section-full_width elementor-section-height-min-height elementor-section-height-default elementor-section-items-middle\" data-id=\"37a1525\" data-element_type=\"section\" data-e-type=\"section\" data-settings=\"{&quot;background_background&quot;:&quot;classic&quot;}\">\n\t\t\t\t\t\t\t<div class=\"elementor-background-overlay\"><\/div>\n\t\t\t\t\t\t\t<div class=\"elementor-container elementor-column-gap-default\">\n\t\t\t\t\t<div class=\"elementor-column elementor-col-100 elementor-top-column elementor-element elementor-element-79eda33\" data-id=\"79eda33\" data-element_type=\"column\" data-e-type=\"column\">\n\t\t\t<div class=\"elementor-widget-wrap elementor-element-populated\">\n\t\t\t\t\t\t<div class=\"elementor-element elementor-element-a9a8e69 elementor-widget elementor-widget-heading\" data-id=\"a9a8e69\" data-element_type=\"widget\" data-e-type=\"widget\" data-widget_type=\"heading.default\">\n\t\t\t\t<div class=\"elementor-widget-container\">\n\t\t\t\t\t<h2 class=\"elementor-heading-title elementor-size-default\">CONTACT<\/h2>\t\t\t\t<\/div>\n\t\t\t\t<\/div>\n\t\t\t\t<div class=\"elementor-element elementor-element-78e58f5 elementor-widget elementor-widget-heading\" data-id=\"78e58f5\" data-element_type=\"widget\" data-e-type=\"widget\" data-widget_type=\"heading.default\">\n\t\t\t\t<div class=\"elementor-widget-container\">\n\t\t\t\t\t<h2 class=\"elementor-heading-title elementor-size-default\">It will be a pleasure to contribute to your company's performance.<\/h2>\t\t\t\t<\/div>\n\t\t\t\t<\/div>\n\t\t\t\t\t<\/div>\n\t\t<\/div>\n\t\t\t\t\t<\/div>\n\t\t<\/section>\n\t\t\t\t<section class=\"elementor-section elementor-top-section elementor-element elementor-element-d8579b9 elementor-section-full_width elementor-section-height-min-height elementor-section-height-default elementor-section-items-middle\" data-id=\"d8579b9\" data-element_type=\"section\" data-e-type=\"section\" data-settings=\"{&quot;background_background&quot;:&quot;classic&quot;}\">\n\t\t\t\t\t\t<div class=\"elementor-container elementor-column-gap-default\">\n\t\t\t\t\t<div class=\"elementor-column elementor-col-50 elementor-top-column elementor-element elementor-element-f794c7f\" data-id=\"f794c7f\" data-element_type=\"column\" data-e-type=\"column\">\n\t\t\t<div class=\"elementor-widget-wrap elementor-element-populated\">\n\t\t\t\t\t\t<div class=\"elementor-element elementor-element-56eb309 elementor-widget elementor-widget-heading\" data-id=\"56eb309\" data-element_type=\"widget\" data-e-type=\"widget\" data-widget_type=\"heading.default\">\n\t\t\t\t<div class=\"elementor-widget-container\">\n\t\t\t\t\t<h2 class=\"elementor-heading-title elementor-size-default\">Talk to us<\/h2>\t\t\t\t<\/div>\n\t\t\t\t<\/div>\n\t\t\t\t<div class=\"elementor-element elementor-element-cde4766 elementor-widget elementor-widget-shortcode\" data-id=\"cde4766\" data-element_type=\"widget\" data-e-type=\"widget\" data-widget_type=\"shortcode.default\">\n\t\t\t\t<div class=\"elementor-widget-container\">\n\t\t\t\t\t\t\t<div class=\"elementor-shortcode\">\n<div class=\"wpcf7 no-js\" id=\"wpcf7-f668-o1\" lang=\"pt-PT\" dir=\"ltr\" data-wpcf7-id=\"668\">\n<div class=\"screen-reader-response\"><p role=\"status\" aria-live=\"polite\" aria-atomic=\"true\"><\/p> <ul><\/ul><\/div>\n<form action=\"\/en\/wp-json\/wp\/v2\/pages\/91#wpcf7-f668-o1\" method=\"post\" class=\"wpcf7-form init\" aria-label=\"Formul\u00e1rio de contacto\" novalidate=\"novalidate\" data-status=\"init\" data-trp-original-action=\"\/en\/wp-json\/wp\/v2\/pages\/91#wpcf7-f668-o1\">\n<div style=\"display: none;\">\n<input type=\"hidden\" name=\"_wpcf7\" value=\"668\" \/>\n<input type=\"hidden\" name=\"_wpcf7_version\" value=\"6.0.6\" \/>\n<input type=\"hidden\" name=\"_wpcf7_locale\" value=\"pt_PT\" \/>\n<input type=\"hidden\" name=\"_wpcf7_unit_tag\" value=\"wpcf7-f668-o1\" \/>\n<input type=\"hidden\" name=\"_wpcf7_container_post\" value=\"0\" \/>\n<input type=\"hidden\" name=\"_wpcf7_posted_data_hash\" value=\"\" \/>\n<input type=\"hidden\" name=\"_wpcf7_recaptcha_response\" value=\"\" \/>\n<\/div>\n<p><span class=\"wpcf7-form-control-wrap\" data-name=\"nome\"><input size=\"40\" maxlength=\"400\" class=\"wpcf7-form-control wpcf7-text wpcf7-validates-as-required\" aria-required=\"true\" aria-invalid=\"false\" placeholder=\"Name\" value=\"\" type=\"text\" name=\"nome\" \/><\/span><br \/>\n<span class=\"wpcf7-form-control-wrap\" data-name=\"email\"><input size=\"40\" maxlength=\"400\" class=\"wpcf7-form-control wpcf7-email wpcf7-validates-as-required wpcf7-text wpcf7-validates-as-email\" aria-required=\"true\" aria-invalid=\"false\" placeholder=\"E-mail\" value=\"\" type=\"email\" name=\"email\" \/><\/span><br \/>\n<span class=\"wpcf7-form-control-wrap\" data-name=\"telefone\"><input size=\"40\" maxlength=\"400\" class=\"wpcf7-form-control wpcf7-text wpcf7-validates-as-required\" aria-required=\"true\" aria-invalid=\"false\" placeholder=\"Phone\" value=\"\" type=\"text\" name=\"telefone\" \/><\/span><br \/>\n<span class=\"wpcf7-form-control-wrap\" data-name=\"mensagem\"><textarea cols=\"40\" rows=\"10\" maxlength=\"2000\" class=\"wpcf7-form-control wpcf7-textarea\" aria-invalid=\"false\" placeholder=\"Message\" name=\"mensagem\"><\/textarea><\/span>\n<\/p>\n<p><input class=\"wpcf7-form-control wpcf7-submit has-spinner\" type=\"submit\" value=\"Send\" \/>\n<\/p><div class=\"wpcf7-response-output\" aria-hidden=\"true\"><\/div>\n<input type=\"hidden\" name=\"trp-form-language\" value=\"en\"\/><\/form>\n<\/div>\n<\/div>\n\t\t\t\t\t\t<\/div>\n\t\t\t\t<\/div>\n\t\t\t\t\t<\/div>\n\t\t<\/div>\n\t\t\t\t<div class=\"elementor-column elementor-col-50 elementor-top-column elementor-element elementor-element-205781a\" data-id=\"205781a\" data-element_type=\"column\" data-e-type=\"column\">\n\t\t\t<div class=\"elementor-widget-wrap elementor-element-populated\">\n\t\t\t\t\t\t<div class=\"elementor-element elementor-element-4ca91a9 elementor-widget elementor-widget-google_maps\" data-id=\"4ca91a9\" data-element_type=\"widget\" data-e-type=\"widget\" data-widget_type=\"google_maps.default\">\n\t\t\t\t<div class=\"elementor-widget-container\">\n\t\t\t\t\t\t\t<div class=\"elementor-custom-embed\">\n\t\t\t<iframe loading=\"lazy\"\n\t\t\t\t\tsrc=\"https:\/\/maps.google.com\/maps?q=Av.%20Brigadeiro%20Faria%20Lima%201811%20S%C3%A3o%20Paulo&#038;t=m&#038;z=15&#038;output=embed&#038;iwloc=near\"\n\t\t\t\t\ttitle=\"Av. Brigadeiro Faria Lima 1811 S\u00e3o Paulo\"\n\t\t\t\t\taria-label=\"Av. Brigadeiro Faria Lima 1811 S\u00e3o Paulo\"\n\t\t\t><\/iframe>\n\t\t<\/div>\n\t\t\t\t\t\t<\/div>\n\t\t\t\t<\/div>\n\t\t\t\t\t<\/div>\n\t\t<\/div>\n\t\t\t\t\t<\/div>\n\t\t<\/section>\n\t\t\t\t<section class=\"elementor-section elementor-top-section elementor-element elementor-element-3d729d2 elementor-section-full_width elementor-section-height-min-height elementor-section-height-default elementor-section-items-middle\" data-id=\"3d729d2\" data-element_type=\"section\" data-e-type=\"section\" data-settings=\"{&quot;background_background&quot;:&quot;classic&quot;}\">\n\t\t\t\t\t\t<div class=\"elementor-container elementor-column-gap-default\">\n\t\t\t\t\t<div class=\"elementor-column elementor-col-100 elementor-top-column elementor-element elementor-element-80f90ae\" data-id=\"80f90ae\" data-element_type=\"column\" data-e-type=\"column\">\n\t\t\t<div class=\"elementor-widget-wrap elementor-element-populated\">\n\t\t\t\t\t\t<div class=\"elementor-element elementor-element-9e3f024 elementor-widget elementor-widget-heading\" data-id=\"9e3f024\" data-element_type=\"widget\" data-e-type=\"widget\" data-widget_type=\"heading.default\">\n\t\t\t\t<div class=\"elementor-widget-container\">\n\t\t\t\t\t<h2 class=\"elementor-heading-title elementor-size-default\">Quer conhecer mais sobre nossas solu\u00e7\u00f5es cont\u00e1beis?<\/h2>\t\t\t\t<\/div>\n\t\t\t\t<\/div>\n\t\t\t\t<div class=\"elementor-element elementor-element-3d6bce4 elementor-widget elementor-widget-heading\" data-id=\"3d6bce4\" data-element_type=\"widget\" data-e-type=\"widget\" data-widget_type=\"heading.default\">\n\t\t\t\t<div class=\"elementor-widget-container\">\n\t\t\t\t\t<h2 class=\"elementor-heading-title elementor-size-default\">Contact our experts.<\/h2>\t\t\t\t<\/div>\n\t\t\t\t<\/div>\n\t\t\t\t<div class=\"elementor-element elementor-element-520c0fe elementor-align-center elementor-widget elementor-widget-button\" data-id=\"520c0fe\" data-element_type=\"widget\" data-e-type=\"widget\" data-widget_type=\"button.default\">\n\t\t\t\t<div class=\"elementor-widget-container\">\n\t\t\t\t\t\t\t\t\t<div class=\"elementor-button-wrapper\">\n\t\t\t\t\t<a class=\"elementor-button elementor-button-link elementor-size-sm\" href=\"https:\/\/gaap.com.br\/en\/contato\/\">\n\t\t\t\t\t\t<span class=\"elementor-button-content-wrapper\">\n\t\t\t\t\t\t\t\t\t<span class=\"elementor-button-text\">Click here to do it.<\/span>\n\t\t\t\t\t<\/span>\n\t\t\t\t\t<\/a>\n\t\t\t\t<\/div>\n\t\t\t\t\t\t\t\t<\/div>\n\t\t\t\t<\/div>\n\t\t\t\t\t<\/div>\n\t\t<\/div>\n\t\t\t\t\t<\/div>\n\t\t<\/section>\n\t\t\t\t<\/div>","protected":false},"excerpt":{"rendered":"<p>CONTATO Ser\u00e1 um prazer contribuir com a performance da sua empresa. Fale Conosco Quer conhecer mais sobre nossas solu\u00e7\u00f5es cont\u00e1beis? Entre em contato com nossos especialistas CLIQUE AQUI<\/p>","protected":false},"author":1,"featured_media":0,"parent":0,"menu_order":0,"comment_status":"closed","ping_status":"closed","template":"elementor_header_footer","meta":{"_acf_changed":false,"_eb_attr":"","footnotes":""},"class_list":["post-91","page","type-page","status-publish","hentry"],"acf":[],"yoast_head":"<!-- This site is optimized with the Yoast SEO plugin v26.9 - https:\/\/yoast.com\/product\/yoast-seo-wordpress\/ -->\n<title>Contato - GAAP Auditores &amp; Consultores<\/title>\n<meta name=\"description\" content=\"Ser\u00e1 um prazer contribuir com a performance da sua empresa.\" \/>\n<meta name=\"robots\" content=\"index, follow, max-snippet:-1, max-image-preview:large, max-video-preview:-1\" \/>\n<link rel=\"canonical\" href=\"https:\/\/gaap.com.br\/en\/contato\/\" \/>\n<meta property=\"og:locale\" content=\"en_US\" \/>\n<meta property=\"og:type\" content=\"article\" \/>\n<meta property=\"og:title\" content=\"Contato - GAAP Auditores &amp; Consultores\" \/>\n<meta property=\"og:description\" content=\"Ser\u00e1 um prazer contribuir com a performance da sua empresa.\" \/>\n<meta property=\"og:url\" content=\"https:\/\/gaap.com.br\/en\/contato\/\" \/>\n<meta property=\"og:site_name\" content=\"GAAP Auditores &amp; Consultores\" \/>\n<meta property=\"article:publisher\" content=\"https:\/\/www.facebook.com\/gaapauditoreseconsultores\/\" \/>\n<meta property=\"article:modified_time\" content=\"2023-08-26T02:28:20+00:00\" \/>\n<meta property=\"og:image\" content=\"https:\/\/gaap.com.br\/wp-content\/uploads\/2023\/07\/GAAP-Auditores-e-Consultores-Contabilidade.png\" \/>\n\t<meta property=\"og:image:width\" content=\"1200\" \/>\n\t<meta property=\"og:image:height\" content=\"675\" \/>\n\t<meta property=\"og:image:type\" content=\"image\/png\" \/>\n<meta name=\"twitter:card\" content=\"summary_large_image\" \/>\n<meta name=\"twitter:label1\" content=\"Est. reading time\" \/>\n\t<meta name=\"twitter:data1\" content=\"1 minute\" \/>\n<script type=\"application\/ld+json\" class=\"yoast-schema-graph\">{\"@context\":\"https:\/\/schema.org\",\"@graph\":[{\"@type\":\"WebPage\",\"@id\":\"https:\/\/gaap.com.br\/contato\/\",\"url\":\"https:\/\/gaap.com.br\/contato\/\",\"name\":\"Contato - GAAP Auditores &amp; Consultores\",\"isPartOf\":{\"@id\":\"https:\/\/gaap.com.br\/#website\"},\"datePublished\":\"2021-08-09T20:50:36+00:00\",\"dateModified\":\"2023-08-26T02:28:20+00:00\",\"description\":\"Ser\u00e1 um prazer contribuir com a performance da sua empresa.\",\"breadcrumb\":{\"@id\":\"https:\/\/gaap.com.br\/contato\/#breadcrumb\"},\"inLanguage\":\"en-US\",\"potentialAction\":[{\"@type\":\"ReadAction\",\"target\":[\"https:\/\/gaap.com.br\/contato\/\"]}]},{\"@type\":\"BreadcrumbList\",\"@id\":\"https:\/\/gaap.com.br\/contato\/#breadcrumb\",\"itemListElement\":[{\"@type\":\"ListItem\",\"position\":1,\"name\":\"In\u00edcio\",\"item\":\"https:\/\/gaap.com.br\/\"},{\"@type\":\"ListItem\",\"position\":2,\"name\":\"Contato\"}]},{\"@type\":\"WebSite\",\"@id\":\"https:\/\/gaap.com.br\/#website\",\"url\":\"https:\/\/gaap.com.br\/\",\"name\":\"GAAP Auditores & Consultores\",\"description\":\"Aprimoramos seus controles gerenciais para sua empresa manter o foco em multiplicar os neg\u00f3cios. Voc\u00ea multiplica seus neg\u00f3cios e n\u00f3s cuidamos da burocracia cont\u00e1bil.\",\"publisher\":{\"@id\":\"https:\/\/gaap.com.br\/#organization\"},\"alternateName\":\"GAAP Contabilidade\",\"potentialAction\":[{\"@type\":\"SearchAction\",\"target\":{\"@type\":\"EntryPoint\",\"urlTemplate\":\"https:\/\/gaap.com.br\/?s={search_term_string}\"},\"query-input\":{\"@type\":\"PropertyValueSpecification\",\"valueRequired\":true,\"valueName\":\"search_term_string\"}}],\"inLanguage\":\"en-US\"},{\"@type\":\"Organization\",\"@id\":\"https:\/\/gaap.com.br\/#organization\",\"name\":\"GAAP Auditores & Consultores\",\"alternateName\":\"GAAP Contabilidade\",\"url\":\"https:\/\/gaap.com.br\/\",\"logo\":{\"@type\":\"ImageObject\",\"inLanguage\":\"en-US\",\"@id\":\"https:\/\/gaap.com.br\/#\/schema\/logo\/image\/\",\"url\":\"https:\/\/gaap.com.br\/wp-content\/uploads\/2023\/07\/Logo-GAAP-Auditores-e-Consultores-Contabilidade.png\",\"contentUrl\":\"https:\/\/gaap.com.br\/wp-content\/uploads\/2023\/07\/Logo-GAAP-Auditores-e-Consultores-Contabilidade.png\",\"width\":500,\"height\":500,\"caption\":\"GAAP Auditores & Consultores\"},\"image\":{\"@id\":\"https:\/\/gaap.com.br\/#\/schema\/logo\/image\/\"},\"sameAs\":[\"https:\/\/www.facebook.com\/gaapauditoreseconsultores\/\",\"https:\/\/www.instagram.com\/gaap.auditoreseconsultores\/\",\"https:\/\/www.linkedin.com\/company\/gaapauditoreseconsultores\/?viewAsMember=true\"]}]}<\/script>\n<!-- \/ Yoast SEO plugin. -->","yoast_head_json":{"title":"Contato - GAAP Auditores &amp; Consultores","description":"Ser\u00e1 um prazer contribuir com a performance da sua empresa.","robots":{"index":"index","follow":"follow","max-snippet":"max-snippet:-1","max-image-preview":"max-image-preview:large","max-video-preview":"max-video-preview:-1"},"canonical":"https:\/\/gaap.com.br\/en\/contato\/","og_locale":"en_US","og_type":"article","og_title":"Contato - GAAP Auditores &amp; Consultores","og_description":"Ser\u00e1 um prazer contribuir com a performance da sua empresa.","og_url":"https:\/\/gaap.com.br\/en\/contato\/","og_site_name":"GAAP Auditores &amp; Consultores","article_publisher":"https:\/\/www.facebook.com\/gaapauditoreseconsultores\/","article_modified_time":"2023-08-26T02:28:20+00:00","og_image":[{"width":1200,"height":675,"url":"https:\/\/gaap.com.br\/wp-content\/uploads\/2023\/07\/GAAP-Auditores-e-Consultores-Contabilidade.png","type":"image\/png"}],"twitter_card":"summary_large_image","twitter_misc":{"Est. reading time":"1 minute"},"schema":{"@context":"https:\/\/schema.org","@graph":[{"@type":"WebPage","@id":"https:\/\/gaap.com.br\/contato\/","url":"https:\/\/gaap.com.br\/contato\/","name":"Contato - GAAP Auditores &amp; Consultores","isPartOf":{"@id":"https:\/\/gaap.com.br\/#website"},"datePublished":"2021-08-09T20:50:36+00:00","dateModified":"2023-08-26T02:28:20+00:00","description":"Ser\u00e1 um prazer contribuir com a performance da sua empresa.","breadcrumb":{"@id":"https:\/\/gaap.com.br\/contato\/#breadcrumb"},"inLanguage":"en-US","potentialAction":[{"@type":"ReadAction","target":["https:\/\/gaap.com.br\/contato\/"]}]},{"@type":"BreadcrumbList","@id":"https:\/\/gaap.com.br\/contato\/#breadcrumb","itemListElement":[{"@type":"ListItem","position":1,"name":"In\u00edcio","item":"https:\/\/gaap.com.br\/"},{"@type":"ListItem","position":2,"name":"Contato"}]},{"@type":"WebSite","@id":"https:\/\/gaap.com.br\/#website","url":"https:\/\/gaap.com.br\/","name":"GAAP Auditores & Consultores","description":"Aprimoramos seus controles gerenciais para sua empresa manter o foco em multiplicar os neg\u00f3cios. Voc\u00ea multiplica seus neg\u00f3cios e n\u00f3s cuidamos da burocracia cont\u00e1bil.","publisher":{"@id":"https:\/\/gaap.com.br\/#organization"},"alternateName":"GAAP Contabilidade","potentialAction":[{"@type":"SearchAction","target":{"@type":"EntryPoint","urlTemplate":"https:\/\/gaap.com.br\/?s={search_term_string}"},"query-input":{"@type":"PropertyValueSpecification","valueRequired":true,"valueName":"search_term_string"}}],"inLanguage":"en-US"},{"@type":"Organization","@id":"https:\/\/gaap.com.br\/#organization","name":"GAAP Auditores & Consultores","alternateName":"GAAP Contabilidade","url":"https:\/\/gaap.com.br\/","logo":{"@type":"ImageObject","inLanguage":"en-US","@id":"https:\/\/gaap.com.br\/#\/schema\/logo\/image\/","url":"https:\/\/gaap.com.br\/wp-content\/uploads\/2023\/07\/Logo-GAAP-Auditores-e-Consultores-Contabilidade.png","contentUrl":"https:\/\/gaap.com.br\/wp-content\/uploads\/2023\/07\/Logo-GAAP-Auditores-e-Consultores-Contabilidade.png","width":500,"height":500,"caption":"GAAP Auditores & Consultores"},"image":{"@id":"https:\/\/gaap.com.br\/#\/schema\/logo\/image\/"},"sameAs":["https:\/\/www.facebook.com\/gaapauditoreseconsultores\/","https:\/\/www.instagram.com\/gaap.auditoreseconsultores\/","https:\/\/www.linkedin.com\/company\/gaapauditoreseconsultores\/?viewAsMember=true"]}]}},"_links":{"self":[{"href":"https:\/\/gaap.com.br\/en\/wp-json\/wp\/v2\/pages\/91","targetHints":{"allow":["GET"]}}],"collection":[{"href":"https:\/\/gaap.com.br\/en\/wp-json\/wp\/v2\/pages"}],"about":[{"href":"https:\/\/gaap.com.br\/en\/wp-json\/wp\/v2\/types\/page"}],"author":[{"embeddable":true,"href":"https:\/\/gaap.com.br\/en\/wp-json\/wp\/v2\/users\/1"}],"replies":[{"embeddable":true,"href":"https:\/\/gaap.com.br\/en\/wp-json\/wp\/v2\/comments?post=91"}],"version-history":[{"count":105,"href":"https:\/\/gaap.com.br\/en\/wp-json\/wp\/v2\/pages\/91\/revisions"}],"predecessor-version":[{"id":2849,"href":"https:\/\/gaap.com.br\/en\/wp-json\/wp\/v2\/pages\/91\/revisions\/2849"}],"wp:attachment":[{"href":"https:\/\/gaap.com.br\/en\/wp-json\/wp\/v2\/media?parent=91"}],"curies":[{"name":"wp","href":"https:\/\/api.w.org\/{rel}","templated":true}]}}