{"id":724,"date":"2021-10-28T19:42:58","date_gmt":"2021-10-28T19:42:58","guid":{"rendered":"https:\/\/vbarbieri.com.br\/gaap\/?page_id=724"},"modified":"2024-03-22T12:10:36","modified_gmt":"2024-03-22T12:10:36","slug":"pessoa-fisica","status":"publish","type":"page","link":"https:\/\/gaap.com.br\/en\/pessoa-fisica\/","title":{"rendered":"Pessoa F\u00edsica"},"content":{"rendered":"<div data-elementor-type=\"wp-page\" data-elementor-id=\"724\" class=\"elementor elementor-724\">\n\t\t\t\t\t\t<section class=\"elementor-section elementor-top-section elementor-element elementor-element-37769a3d elementor-section-full_width elementor-section-height-min-height elementor-section-height-default elementor-section-items-middle\" data-id=\"37769a3d\" data-element_type=\"section\" data-e-type=\"section\" data-settings=\"{&quot;background_background&quot;:&quot;classic&quot;}\">\n\t\t\t\t\t\t\t<div class=\"elementor-background-overlay\"><\/div>\n\t\t\t\t\t\t\t<div class=\"elementor-container elementor-column-gap-default\">\n\t\t\t\t\t<div class=\"elementor-column elementor-col-100 elementor-top-column elementor-element elementor-element-125d5dea\" data-id=\"125d5dea\" data-element_type=\"column\" data-e-type=\"column\">\n\t\t\t<div class=\"elementor-widget-wrap elementor-element-populated\">\n\t\t\t\t\t\t<div class=\"elementor-element elementor-element-3880fcb9 elementor-widget elementor-widget-heading\" data-id=\"3880fcb9\" data-element_type=\"widget\" data-e-type=\"widget\" data-widget_type=\"heading.default\">\n\t\t\t\t<div class=\"elementor-widget-container\">\n\t\t\t\t\t<h2 class=\"elementor-heading-title elementor-size-default\">INDIVIDUALS<\/h2>\t\t\t\t<\/div>\n\t\t\t\t<\/div>\n\t\t\t\t\t<\/div>\n\t\t<\/div>\n\t\t\t\t\t<\/div>\n\t\t<\/section>\n\t\t\t\t<section class=\"elementor-section elementor-top-section elementor-element elementor-element-658f0002 elementor-section-full_width elementor-section-height-min-height elementor-section-height-default elementor-section-items-middle\" data-id=\"658f0002\" data-element_type=\"section\" data-e-type=\"section\" data-settings=\"{&quot;background_background&quot;:&quot;classic&quot;}\">\n\t\t\t\t\t\t<div class=\"elementor-container elementor-column-gap-default\">\n\t\t\t\t\t<div class=\"elementor-column elementor-col-100 elementor-top-column elementor-element elementor-element-56cb72b7\" data-id=\"56cb72b7\" data-element_type=\"column\" data-e-type=\"column\">\n\t\t\t<div class=\"elementor-widget-wrap elementor-element-populated\">\n\t\t\t\t\t\t<div class=\"elementor-element elementor-element-2e3c9ba9 elementor-widget elementor-widget-text-editor\" data-id=\"2e3c9ba9\" data-element_type=\"widget\" data-e-type=\"widget\" data-widget_type=\"text-editor.default\">\n\t\t\t\t<div class=\"elementor-widget-container\">\n\t\t\t\t\t\t\t\t\t<p><span style=\"color: #333333;\">Com servi\u00e7os de orienta\u00e7\u00e3o e suporte t\u00e9cnico direcionado aos aspectos fiscais exigidos \u00e0 pessoa f\u00edsica pela legisla\u00e7\u00e3o brasileira, a <strong>GAAP<\/strong>&nbsp;realiza consultoria para elabora\u00e7\u00e3o e revis\u00e3o da Declara\u00e7\u00e3o do Imposto de Renda de Pessoa F\u00edsica (DIRPF), elabora\u00e7\u00e3o de Declara\u00e7\u00e3o de Capitais Brasileiros no Exterior (DCBE) ao Banco Central do Brasil, al\u00e9m de auxiliar no planejamento tribut\u00e1rio pessoal.<\/span><\/p>\n<p><span style=\"color: #333333;\">- Income Tax<\/span><br><span style=\"color: #333333;\">- Tax Planning<\/span><br><span style=\"color: #333333;\">- Preparation of the Declaration of Brazilian Capitals Abroad<\/span><br><span style=\"color: #333333;\">- Businesses Abroad<\/span><\/p>\t\t\t\t\t\t\t\t<\/div>\n\t\t\t\t<\/div>\n\t\t\t\t\t<\/div>\n\t\t<\/div>\n\t\t\t\t\t<\/div>\n\t\t<\/section>\n\t\t\t\t<section class=\"elementor-section elementor-top-section elementor-element elementor-element-2c777863 elementor-section-full_width elementor-section-height-min-height elementor-section-height-default elementor-section-items-middle\" data-id=\"2c777863\" data-element_type=\"section\" data-e-type=\"section\" data-settings=\"{&quot;background_background&quot;:&quot;classic&quot;}\">\n\t\t\t\t\t\t<div class=\"elementor-container elementor-column-gap-default\">\n\t\t\t\t\t<div class=\"elementor-column elementor-col-100 elementor-top-column elementor-element elementor-element-2320e2c1\" data-id=\"2320e2c1\" data-element_type=\"column\" data-e-type=\"column\">\n\t\t\t<div class=\"elementor-widget-wrap elementor-element-populated\">\n\t\t\t\t\t\t<div class=\"elementor-element elementor-element-4f81bf54 elementor-widget elementor-widget-heading\" data-id=\"4f81bf54\" data-element_type=\"widget\" data-e-type=\"widget\" data-widget_type=\"heading.default\">\n\t\t\t\t<div class=\"elementor-widget-container\">\n\t\t\t\t\t<h2 class=\"elementor-heading-title elementor-size-default\">Quer conhecer mais sobre nossas solu\u00e7\u00f5es cont\u00e1beis?<\/h2>\t\t\t\t<\/div>\n\t\t\t\t<\/div>\n\t\t\t\t<div class=\"elementor-element elementor-element-2be3b3ba elementor-widget elementor-widget-heading\" data-id=\"2be3b3ba\" data-element_type=\"widget\" data-e-type=\"widget\" data-widget_type=\"heading.default\">\n\t\t\t\t<div class=\"elementor-widget-container\">\n\t\t\t\t\t<h2 class=\"elementor-heading-title elementor-size-default\">Contact our experts.<\/h2>\t\t\t\t<\/div>\n\t\t\t\t<\/div>\n\t\t\t\t<div class=\"elementor-element elementor-element-2f199d6a elementor-align-center elementor-widget elementor-widget-button\" data-id=\"2f199d6a\" data-element_type=\"widget\" data-e-type=\"widget\" data-widget_type=\"button.default\">\n\t\t\t\t<div class=\"elementor-widget-container\">\n\t\t\t\t\t\t\t\t\t<div class=\"elementor-button-wrapper\">\n\t\t\t\t\t<a class=\"elementor-button elementor-button-link elementor-size-sm\" href=\"https:\/\/gaap.com.br\/en\/contato\/\">\n\t\t\t\t\t\t<span class=\"elementor-button-content-wrapper\">\n\t\t\t\t\t\t\t\t\t<span class=\"elementor-button-text\">Click here to do it.<\/span>\n\t\t\t\t\t<\/span>\n\t\t\t\t\t<\/a>\n\t\t\t\t<\/div>\n\t\t\t\t\t\t\t\t<\/div>\n\t\t\t\t<\/div>\n\t\t\t\t\t<\/div>\n\t\t<\/div>\n\t\t\t\t\t<\/div>\n\t\t<\/section>\n\t\t\t\t<\/div>","protected":false},"excerpt":{"rendered":"<p>PESSOA F\u00cdSICA Com servi\u00e7os de orienta\u00e7\u00e3o e suporte t\u00e9cnico direcionado aos aspectos fiscais exigidos \u00e0 pessoa f\u00edsica pela legisla\u00e7\u00e3o brasileira, a GAAP&nbsp;realiza consultoria para elabora\u00e7\u00e3o e revis\u00e3o da Declara\u00e7\u00e3o do Imposto de Renda de Pessoa F\u00edsica (DIRPF), elabora\u00e7\u00e3o de Declara\u00e7\u00e3o<\/p>","protected":false},"author":1,"featured_media":0,"parent":0,"menu_order":0,"comment_status":"closed","ping_status":"closed","template":"elementor_header_footer","meta":{"_acf_changed":false,"_eb_attr":"","footnotes":""},"class_list":["post-724","page","type-page","status-publish","hentry"],"acf":[],"yoast_head":"<!-- This site is optimized with the Yoast SEO plugin v26.9 - https:\/\/yoast.com\/product\/yoast-seo-wordpress\/ -->\n<title>Pessoa F\u00edsica - GAAP Auditores &amp; Consultores<\/title>\n<meta name=\"description\" content=\"Com servi\u00e7os de orienta\u00e7\u00e3o e suporte t\u00e9cnico direcionado aos aspectos fiscais exigidos \u00e0 pessoa f\u00edsica pela legisla\u00e7\u00e3o brasileira.\" \/>\n<meta name=\"robots\" content=\"index, follow, max-snippet:-1, max-image-preview:large, max-video-preview:-1\" \/>\n<link rel=\"canonical\" href=\"https:\/\/gaap.com.br\/en\/pessoa-fisica\/\" \/>\n<meta property=\"og:locale\" content=\"en_US\" \/>\n<meta property=\"og:type\" content=\"article\" \/>\n<meta property=\"og:title\" content=\"Pessoa F\u00edsica - GAAP Auditores &amp; Consultores\" \/>\n<meta property=\"og:description\" content=\"Com servi\u00e7os de orienta\u00e7\u00e3o e suporte t\u00e9cnico direcionado aos aspectos fiscais exigidos \u00e0 pessoa f\u00edsica pela legisla\u00e7\u00e3o brasileira.\" \/>\n<meta property=\"og:url\" content=\"https:\/\/gaap.com.br\/en\/pessoa-fisica\/\" \/>\n<meta property=\"og:site_name\" content=\"GAAP Auditores &amp; Consultores\" \/>\n<meta property=\"article:publisher\" content=\"https:\/\/www.facebook.com\/gaapauditoreseconsultores\/\" \/>\n<meta property=\"article:modified_time\" content=\"2024-03-22T12:10:36+00:00\" \/>\n<meta property=\"og:image\" content=\"https:\/\/gaap.com.br\/wp-content\/uploads\/2023\/07\/GAAP-Auditores-e-Consultores-Contabilidade.png\" \/>\n\t<meta property=\"og:image:width\" content=\"1200\" \/>\n\t<meta property=\"og:image:height\" content=\"675\" \/>\n\t<meta property=\"og:image:type\" content=\"image\/png\" \/>\n<meta name=\"twitter:card\" content=\"summary_large_image\" \/>\n<meta name=\"twitter:label1\" content=\"Est. reading time\" \/>\n\t<meta name=\"twitter:data1\" content=\"1 minute\" \/>\n<script type=\"application\/ld+json\" class=\"yoast-schema-graph\">{\"@context\":\"https:\/\/schema.org\",\"@graph\":[{\"@type\":\"WebPage\",\"@id\":\"https:\/\/gaap.com.br\/pessoa-fisica\/\",\"url\":\"https:\/\/gaap.com.br\/pessoa-fisica\/\",\"name\":\"Pessoa F\u00edsica - GAAP Auditores &amp; Consultores\",\"isPartOf\":{\"@id\":\"https:\/\/gaap.com.br\/#website\"},\"datePublished\":\"2021-10-28T19:42:58+00:00\",\"dateModified\":\"2024-03-22T12:10:36+00:00\",\"description\":\"Com servi\u00e7os de orienta\u00e7\u00e3o e suporte t\u00e9cnico direcionado aos aspectos fiscais exigidos \u00e0 pessoa f\u00edsica pela legisla\u00e7\u00e3o brasileira.\",\"breadcrumb\":{\"@id\":\"https:\/\/gaap.com.br\/pessoa-fisica\/#breadcrumb\"},\"inLanguage\":\"en-US\",\"potentialAction\":[{\"@type\":\"ReadAction\",\"target\":[\"https:\/\/gaap.com.br\/pessoa-fisica\/\"]}]},{\"@type\":\"BreadcrumbList\",\"@id\":\"https:\/\/gaap.com.br\/pessoa-fisica\/#breadcrumb\",\"itemListElement\":[{\"@type\":\"ListItem\",\"position\":1,\"name\":\"In\u00edcio\",\"item\":\"https:\/\/gaap.com.br\/\"},{\"@type\":\"ListItem\",\"position\":2,\"name\":\"Pessoa F\u00edsica\"}]},{\"@type\":\"WebSite\",\"@id\":\"https:\/\/gaap.com.br\/#website\",\"url\":\"https:\/\/gaap.com.br\/\",\"name\":\"GAAP Auditores & Consultores\",\"description\":\"Aprimoramos seus controles gerenciais para sua empresa manter o foco em multiplicar os neg\u00f3cios. Voc\u00ea multiplica seus neg\u00f3cios e n\u00f3s cuidamos da burocracia cont\u00e1bil.\",\"publisher\":{\"@id\":\"https:\/\/gaap.com.br\/#organization\"},\"alternateName\":\"GAAP Contabilidade\",\"potentialAction\":[{\"@type\":\"SearchAction\",\"target\":{\"@type\":\"EntryPoint\",\"urlTemplate\":\"https:\/\/gaap.com.br\/?s={search_term_string}\"},\"query-input\":{\"@type\":\"PropertyValueSpecification\",\"valueRequired\":true,\"valueName\":\"search_term_string\"}}],\"inLanguage\":\"en-US\"},{\"@type\":\"Organization\",\"@id\":\"https:\/\/gaap.com.br\/#organization\",\"name\":\"GAAP Auditores & Consultores\",\"alternateName\":\"GAAP Contabilidade\",\"url\":\"https:\/\/gaap.com.br\/\",\"logo\":{\"@type\":\"ImageObject\",\"inLanguage\":\"en-US\",\"@id\":\"https:\/\/gaap.com.br\/#\/schema\/logo\/image\/\",\"url\":\"https:\/\/gaap.com.br\/wp-content\/uploads\/2023\/07\/Logo-GAAP-Auditores-e-Consultores-Contabilidade.png\",\"contentUrl\":\"https:\/\/gaap.com.br\/wp-content\/uploads\/2023\/07\/Logo-GAAP-Auditores-e-Consultores-Contabilidade.png\",\"width\":500,\"height\":500,\"caption\":\"GAAP Auditores & Consultores\"},\"image\":{\"@id\":\"https:\/\/gaap.com.br\/#\/schema\/logo\/image\/\"},\"sameAs\":[\"https:\/\/www.facebook.com\/gaapauditoreseconsultores\/\",\"https:\/\/www.instagram.com\/gaap.auditoreseconsultores\/\",\"https:\/\/www.linkedin.com\/company\/gaapauditoreseconsultores\/?viewAsMember=true\"]}]}<\/script>\n<!-- \/ Yoast SEO plugin. -->","yoast_head_json":{"title":"Pessoa F\u00edsica - GAAP Auditores &amp; Consultores","description":"Com servi\u00e7os de orienta\u00e7\u00e3o e suporte t\u00e9cnico direcionado aos aspectos fiscais exigidos \u00e0 pessoa f\u00edsica pela legisla\u00e7\u00e3o brasileira.","robots":{"index":"index","follow":"follow","max-snippet":"max-snippet:-1","max-image-preview":"max-image-preview:large","max-video-preview":"max-video-preview:-1"},"canonical":"https:\/\/gaap.com.br\/en\/pessoa-fisica\/","og_locale":"en_US","og_type":"article","og_title":"Pessoa F\u00edsica - GAAP Auditores &amp; Consultores","og_description":"Com servi\u00e7os de orienta\u00e7\u00e3o e suporte t\u00e9cnico direcionado aos aspectos fiscais exigidos \u00e0 pessoa f\u00edsica pela legisla\u00e7\u00e3o brasileira.","og_url":"https:\/\/gaap.com.br\/en\/pessoa-fisica\/","og_site_name":"GAAP Auditores &amp; Consultores","article_publisher":"https:\/\/www.facebook.com\/gaapauditoreseconsultores\/","article_modified_time":"2024-03-22T12:10:36+00:00","og_image":[{"width":1200,"height":675,"url":"https:\/\/gaap.com.br\/wp-content\/uploads\/2023\/07\/GAAP-Auditores-e-Consultores-Contabilidade.png","type":"image\/png"}],"twitter_card":"summary_large_image","twitter_misc":{"Est. reading time":"1 minute"},"schema":{"@context":"https:\/\/schema.org","@graph":[{"@type":"WebPage","@id":"https:\/\/gaap.com.br\/pessoa-fisica\/","url":"https:\/\/gaap.com.br\/pessoa-fisica\/","name":"Pessoa F\u00edsica - GAAP Auditores &amp; Consultores","isPartOf":{"@id":"https:\/\/gaap.com.br\/#website"},"datePublished":"2021-10-28T19:42:58+00:00","dateModified":"2024-03-22T12:10:36+00:00","description":"Com servi\u00e7os de orienta\u00e7\u00e3o e suporte t\u00e9cnico direcionado aos aspectos fiscais exigidos \u00e0 pessoa f\u00edsica pela legisla\u00e7\u00e3o brasileira.","breadcrumb":{"@id":"https:\/\/gaap.com.br\/pessoa-fisica\/#breadcrumb"},"inLanguage":"en-US","potentialAction":[{"@type":"ReadAction","target":["https:\/\/gaap.com.br\/pessoa-fisica\/"]}]},{"@type":"BreadcrumbList","@id":"https:\/\/gaap.com.br\/pessoa-fisica\/#breadcrumb","itemListElement":[{"@type":"ListItem","position":1,"name":"In\u00edcio","item":"https:\/\/gaap.com.br\/"},{"@type":"ListItem","position":2,"name":"Pessoa F\u00edsica"}]},{"@type":"WebSite","@id":"https:\/\/gaap.com.br\/#website","url":"https:\/\/gaap.com.br\/","name":"GAAP Auditores & Consultores","description":"Aprimoramos seus controles gerenciais para sua empresa manter o foco em multiplicar os neg\u00f3cios. Voc\u00ea multiplica seus neg\u00f3cios e n\u00f3s cuidamos da burocracia cont\u00e1bil.","publisher":{"@id":"https:\/\/gaap.com.br\/#organization"},"alternateName":"GAAP Contabilidade","potentialAction":[{"@type":"SearchAction","target":{"@type":"EntryPoint","urlTemplate":"https:\/\/gaap.com.br\/?s={search_term_string}"},"query-input":{"@type":"PropertyValueSpecification","valueRequired":true,"valueName":"search_term_string"}}],"inLanguage":"en-US"},{"@type":"Organization","@id":"https:\/\/gaap.com.br\/#organization","name":"GAAP Auditores & Consultores","alternateName":"GAAP Contabilidade","url":"https:\/\/gaap.com.br\/","logo":{"@type":"ImageObject","inLanguage":"en-US","@id":"https:\/\/gaap.com.br\/#\/schema\/logo\/image\/","url":"https:\/\/gaap.com.br\/wp-content\/uploads\/2023\/07\/Logo-GAAP-Auditores-e-Consultores-Contabilidade.png","contentUrl":"https:\/\/gaap.com.br\/wp-content\/uploads\/2023\/07\/Logo-GAAP-Auditores-e-Consultores-Contabilidade.png","width":500,"height":500,"caption":"GAAP Auditores & Consultores"},"image":{"@id":"https:\/\/gaap.com.br\/#\/schema\/logo\/image\/"},"sameAs":["https:\/\/www.facebook.com\/gaapauditoreseconsultores\/","https:\/\/www.instagram.com\/gaap.auditoreseconsultores\/","https:\/\/www.linkedin.com\/company\/gaapauditoreseconsultores\/?viewAsMember=true"]}]}},"_links":{"self":[{"href":"https:\/\/gaap.com.br\/en\/wp-json\/wp\/v2\/pages\/724","targetHints":{"allow":["GET"]}}],"collection":[{"href":"https:\/\/gaap.com.br\/en\/wp-json\/wp\/v2\/pages"}],"about":[{"href":"https:\/\/gaap.com.br\/en\/wp-json\/wp\/v2\/types\/page"}],"author":[{"embeddable":true,"href":"https:\/\/gaap.com.br\/en\/wp-json\/wp\/v2\/users\/1"}],"replies":[{"embeddable":true,"href":"https:\/\/gaap.com.br\/en\/wp-json\/wp\/v2\/comments?post=724"}],"version-history":[{"count":45,"href":"https:\/\/gaap.com.br\/en\/wp-json\/wp\/v2\/pages\/724\/revisions"}],"predecessor-version":[{"id":3052,"href":"https:\/\/gaap.com.br\/en\/wp-json\/wp\/v2\/pages\/724\/revisions\/3052"}],"wp:attachment":[{"href":"https:\/\/gaap.com.br\/en\/wp-json\/wp\/v2\/media?parent=724"}],"curies":[{"name":"wp","href":"https:\/\/api.w.org\/{rel}","templated":true}]}}