{"id":718,"date":"2021-10-28T19:41:36","date_gmt":"2021-10-28T19:41:36","guid":{"rendered":"https:\/\/vbarbieri.com.br\/gaap\/?page_id=718"},"modified":"2023-08-26T02:39:19","modified_gmt":"2023-08-26T02:39:19","slug":"outsourcing","status":"publish","type":"page","link":"https:\/\/gaap.com.br\/en\/outsourcing\/","title":{"rendered":"Outsourcing"},"content":{"rendered":"<div data-elementor-type=\"wp-page\" data-elementor-id=\"718\" class=\"elementor elementor-718\">\n\t\t\t\t\t\t<section class=\"elementor-section elementor-top-section elementor-element elementor-element-7bf25fc8 elementor-section-full_width elementor-section-height-min-height elementor-section-height-default elementor-section-items-middle\" data-id=\"7bf25fc8\" data-element_type=\"section\" data-e-type=\"section\" data-settings=\"{&quot;background_background&quot;:&quot;classic&quot;}\">\n\t\t\t\t\t\t\t<div class=\"elementor-background-overlay\"><\/div>\n\t\t\t\t\t\t\t<div class=\"elementor-container elementor-column-gap-default\">\n\t\t\t\t\t<div class=\"elementor-column elementor-col-100 elementor-top-column elementor-element elementor-element-230c86ff\" data-id=\"230c86ff\" data-element_type=\"column\" data-e-type=\"column\">\n\t\t\t<div class=\"elementor-widget-wrap elementor-element-populated\">\n\t\t\t\t\t\t<div class=\"elementor-element elementor-element-558f13ad elementor-widget elementor-widget-heading\" data-id=\"558f13ad\" data-element_type=\"widget\" data-e-type=\"widget\" data-widget_type=\"heading.default\">\n\t\t\t\t<div class=\"elementor-widget-container\">\n\t\t\t\t\t<h2 class=\"elementor-heading-title elementor-size-default\">OUTSOURCING<\/h2>\t\t\t\t<\/div>\n\t\t\t\t<\/div>\n\t\t\t\t\t<\/div>\n\t\t<\/div>\n\t\t\t\t\t<\/div>\n\t\t<\/section>\n\t\t\t\t<section class=\"elementor-section elementor-top-section elementor-element elementor-element-242d3f7e elementor-section-full_width elementor-section-height-min-height elementor-section-height-default elementor-section-items-middle\" data-id=\"242d3f7e\" data-element_type=\"section\" data-e-type=\"section\" data-settings=\"{&quot;background_background&quot;:&quot;classic&quot;}\">\n\t\t\t\t\t\t<div class=\"elementor-container elementor-column-gap-default\">\n\t\t\t\t\t<div class=\"elementor-column elementor-col-100 elementor-top-column elementor-element elementor-element-37dcfc0f\" data-id=\"37dcfc0f\" data-element_type=\"column\" data-e-type=\"column\">\n\t\t\t<div class=\"elementor-widget-wrap elementor-element-populated\">\n\t\t\t\t\t\t<div class=\"elementor-element elementor-element-63729135 elementor-widget elementor-widget-text-editor\" data-id=\"63729135\" data-element_type=\"widget\" data-e-type=\"widget\" data-widget_type=\"text-editor.default\">\n\t\t\t\t<div class=\"elementor-widget-container\">\n\t\t\t\t\t\t\t\t\t<p><span style=\"color: #333333;\">We are able to work with several management softwares (ERP) available in the market, together with the client's team, through remote access to our database via the internet, or remotely accessing the client's systems, providing information integration and process rationalization.<\/span><\/p><p><span style=\"color: #333333;\">We have experience in the use of several operational modules, necessary for conducting business and that can provide data integration. With professionals specialized in each area and with solutions that enhance business performance, we monitor operating costs and reduce risks in operations.<\/span><\/p><p><span style=\"color: #333333;\">- Accounting<\/span><br \/><span style=\"color: #333333;\">- Fiscal<\/span><br \/><span style=\"color: #333333;\">- Payroll<\/span><br \/><span style=\"color: #333333;\">- Financial Management (BPO)<\/span><br \/><span style=\"color: #333333;\">- ERP Platform<\/span><br \/><span style=\"color: #333333;\">- Paralegal Consulting<\/span><br \/><span style=\"color: #333333;\">- Public Agencies<\/span><\/p>\t\t\t\t\t\t\t\t<\/div>\n\t\t\t\t<\/div>\n\t\t\t\t\t<\/div>\n\t\t<\/div>\n\t\t\t\t\t<\/div>\n\t\t<\/section>\n\t\t\t\t<section class=\"elementor-section elementor-top-section elementor-element elementor-element-606bf7ed elementor-section-full_width elementor-section-height-min-height elementor-section-height-default elementor-section-items-middle\" data-id=\"606bf7ed\" data-element_type=\"section\" data-e-type=\"section\" data-settings=\"{&quot;background_background&quot;:&quot;classic&quot;}\">\n\t\t\t\t\t\t<div class=\"elementor-container elementor-column-gap-default\">\n\t\t\t\t\t<div class=\"elementor-column elementor-col-100 elementor-top-column elementor-element elementor-element-6a9e87c8\" data-id=\"6a9e87c8\" data-element_type=\"column\" data-e-type=\"column\">\n\t\t\t<div class=\"elementor-widget-wrap elementor-element-populated\">\n\t\t\t\t\t\t<div class=\"elementor-element elementor-element-4ceb6ae9 elementor-widget elementor-widget-heading\" data-id=\"4ceb6ae9\" data-element_type=\"widget\" data-e-type=\"widget\" data-widget_type=\"heading.default\">\n\t\t\t\t<div class=\"elementor-widget-container\">\n\t\t\t\t\t<h2 class=\"elementor-heading-title elementor-size-default\">Quer conhecer mais sobre nossas solu\u00e7\u00f5es cont\u00e1beis?<\/h2>\t\t\t\t<\/div>\n\t\t\t\t<\/div>\n\t\t\t\t<div class=\"elementor-element elementor-element-72c96c71 elementor-widget elementor-widget-heading\" data-id=\"72c96c71\" data-element_type=\"widget\" data-e-type=\"widget\" data-widget_type=\"heading.default\">\n\t\t\t\t<div class=\"elementor-widget-container\">\n\t\t\t\t\t<h2 class=\"elementor-heading-title elementor-size-default\">Contact our experts.<\/h2>\t\t\t\t<\/div>\n\t\t\t\t<\/div>\n\t\t\t\t<div class=\"elementor-element elementor-element-510241c7 elementor-align-center elementor-widget elementor-widget-button\" data-id=\"510241c7\" data-element_type=\"widget\" data-e-type=\"widget\" data-widget_type=\"button.default\">\n\t\t\t\t<div class=\"elementor-widget-container\">\n\t\t\t\t\t\t\t\t\t<div class=\"elementor-button-wrapper\">\n\t\t\t\t\t<a class=\"elementor-button elementor-button-link elementor-size-sm\" href=\"https:\/\/gaap.com.br\/en\/contato\/\">\n\t\t\t\t\t\t<span class=\"elementor-button-content-wrapper\">\n\t\t\t\t\t\t\t\t\t<span class=\"elementor-button-text\">Click here to do it.<\/span>\n\t\t\t\t\t<\/span>\n\t\t\t\t\t<\/a>\n\t\t\t\t<\/div>\n\t\t\t\t\t\t\t\t<\/div>\n\t\t\t\t<\/div>\n\t\t\t\t\t<\/div>\n\t\t<\/div>\n\t\t\t\t\t<\/div>\n\t\t<\/section>\n\t\t\t\t<\/div>","protected":false},"excerpt":{"rendered":"<p>OUTSOURCING Estamos aptos a trabalhar com diversos softwares de gest\u00e3o (ERP) dispon\u00edveis no mercado, de forma conjunta com a equipe do cliente, atrav\u00e9s de acesso remoto \u00e0 nossa base de dados via internet, ou acessando remotamente os sistemas dos clientes,<\/p>","protected":false},"author":1,"featured_media":0,"parent":0,"menu_order":0,"comment_status":"closed","ping_status":"closed","template":"elementor_header_footer","meta":{"_acf_changed":false,"_eb_attr":"","footnotes":""},"class_list":["post-718","page","type-page","status-publish","hentry"],"acf":[],"yoast_head":"<!-- This site is optimized with the Yoast SEO plugin v26.9 - https:\/\/yoast.com\/product\/yoast-seo-wordpress\/ -->\n<title>Outsourcing - GAAP Auditores &amp; Consultores<\/title>\n<meta name=\"description\" content=\"Trabalhamos com diversos softwares de gest\u00e3o (ERP), atrav\u00e9s de acesso remoto \u00e0 nossa base de dados via internet.\" \/>\n<meta name=\"robots\" content=\"index, follow, max-snippet:-1, max-image-preview:large, max-video-preview:-1\" \/>\n<link rel=\"canonical\" href=\"https:\/\/gaap.com.br\/en\/outsourcing\/\" \/>\n<meta property=\"og:locale\" content=\"en_US\" \/>\n<meta property=\"og:type\" content=\"article\" \/>\n<meta property=\"og:title\" content=\"Outsourcing - GAAP Auditores &amp; Consultores\" \/>\n<meta property=\"og:description\" content=\"Trabalhamos com diversos softwares de gest\u00e3o (ERP), atrav\u00e9s de acesso remoto \u00e0 nossa base de dados via internet.\" \/>\n<meta property=\"og:url\" content=\"https:\/\/gaap.com.br\/en\/outsourcing\/\" \/>\n<meta property=\"og:site_name\" content=\"GAAP Auditores &amp; Consultores\" \/>\n<meta property=\"article:publisher\" content=\"https:\/\/www.facebook.com\/gaapauditoreseconsultores\/\" \/>\n<meta property=\"article:modified_time\" content=\"2023-08-26T02:39:19+00:00\" \/>\n<meta property=\"og:image\" content=\"https:\/\/gaap.com.br\/wp-content\/uploads\/2023\/07\/GAAP-Auditores-e-Consultores-Contabilidade.png\" \/>\n\t<meta property=\"og:image:width\" content=\"1200\" \/>\n\t<meta property=\"og:image:height\" content=\"675\" \/>\n\t<meta property=\"og:image:type\" content=\"image\/png\" \/>\n<meta name=\"twitter:card\" content=\"summary_large_image\" \/>\n<meta name=\"twitter:label1\" content=\"Est. reading time\" \/>\n\t<meta name=\"twitter:data1\" content=\"1 minute\" \/>\n<script type=\"application\/ld+json\" class=\"yoast-schema-graph\">{\"@context\":\"https:\/\/schema.org\",\"@graph\":[{\"@type\":\"WebPage\",\"@id\":\"https:\/\/gaap.com.br\/outsourcing\/\",\"url\":\"https:\/\/gaap.com.br\/outsourcing\/\",\"name\":\"Outsourcing - GAAP Auditores &amp; Consultores\",\"isPartOf\":{\"@id\":\"https:\/\/gaap.com.br\/#website\"},\"datePublished\":\"2021-10-28T19:41:36+00:00\",\"dateModified\":\"2023-08-26T02:39:19+00:00\",\"description\":\"Trabalhamos com diversos softwares de gest\u00e3o (ERP), atrav\u00e9s de acesso remoto \u00e0 nossa base de dados via internet.\",\"breadcrumb\":{\"@id\":\"https:\/\/gaap.com.br\/outsourcing\/#breadcrumb\"},\"inLanguage\":\"en-US\",\"potentialAction\":[{\"@type\":\"ReadAction\",\"target\":[\"https:\/\/gaap.com.br\/outsourcing\/\"]}]},{\"@type\":\"BreadcrumbList\",\"@id\":\"https:\/\/gaap.com.br\/outsourcing\/#breadcrumb\",\"itemListElement\":[{\"@type\":\"ListItem\",\"position\":1,\"name\":\"In\u00edcio\",\"item\":\"https:\/\/gaap.com.br\/\"},{\"@type\":\"ListItem\",\"position\":2,\"name\":\"Outsourcing\"}]},{\"@type\":\"WebSite\",\"@id\":\"https:\/\/gaap.com.br\/#website\",\"url\":\"https:\/\/gaap.com.br\/\",\"name\":\"GAAP Auditores & Consultores\",\"description\":\"Aprimoramos seus controles gerenciais para sua empresa manter o foco em multiplicar os neg\u00f3cios. Voc\u00ea multiplica seus neg\u00f3cios e n\u00f3s cuidamos da burocracia cont\u00e1bil.\",\"publisher\":{\"@id\":\"https:\/\/gaap.com.br\/#organization\"},\"alternateName\":\"GAAP Contabilidade\",\"potentialAction\":[{\"@type\":\"SearchAction\",\"target\":{\"@type\":\"EntryPoint\",\"urlTemplate\":\"https:\/\/gaap.com.br\/?s={search_term_string}\"},\"query-input\":{\"@type\":\"PropertyValueSpecification\",\"valueRequired\":true,\"valueName\":\"search_term_string\"}}],\"inLanguage\":\"en-US\"},{\"@type\":\"Organization\",\"@id\":\"https:\/\/gaap.com.br\/#organization\",\"name\":\"GAAP Auditores & Consultores\",\"alternateName\":\"GAAP Contabilidade\",\"url\":\"https:\/\/gaap.com.br\/\",\"logo\":{\"@type\":\"ImageObject\",\"inLanguage\":\"en-US\",\"@id\":\"https:\/\/gaap.com.br\/#\/schema\/logo\/image\/\",\"url\":\"https:\/\/gaap.com.br\/wp-content\/uploads\/2023\/07\/Logo-GAAP-Auditores-e-Consultores-Contabilidade.png\",\"contentUrl\":\"https:\/\/gaap.com.br\/wp-content\/uploads\/2023\/07\/Logo-GAAP-Auditores-e-Consultores-Contabilidade.png\",\"width\":500,\"height\":500,\"caption\":\"GAAP Auditores & Consultores\"},\"image\":{\"@id\":\"https:\/\/gaap.com.br\/#\/schema\/logo\/image\/\"},\"sameAs\":[\"https:\/\/www.facebook.com\/gaapauditoreseconsultores\/\",\"https:\/\/www.instagram.com\/gaap.auditoreseconsultores\/\",\"https:\/\/www.linkedin.com\/company\/gaapauditoreseconsultores\/?viewAsMember=true\"]}]}<\/script>\n<!-- \/ Yoast SEO plugin. -->","yoast_head_json":{"title":"Outsourcing - GAAP Auditores &amp; Consultores","description":"Trabalhamos com diversos softwares de gest\u00e3o (ERP), atrav\u00e9s de acesso remoto \u00e0 nossa base de dados via internet.","robots":{"index":"index","follow":"follow","max-snippet":"max-snippet:-1","max-image-preview":"max-image-preview:large","max-video-preview":"max-video-preview:-1"},"canonical":"https:\/\/gaap.com.br\/en\/outsourcing\/","og_locale":"en_US","og_type":"article","og_title":"Outsourcing - GAAP Auditores &amp; Consultores","og_description":"Trabalhamos com diversos softwares de gest\u00e3o (ERP), atrav\u00e9s de acesso remoto \u00e0 nossa base de dados via internet.","og_url":"https:\/\/gaap.com.br\/en\/outsourcing\/","og_site_name":"GAAP Auditores &amp; Consultores","article_publisher":"https:\/\/www.facebook.com\/gaapauditoreseconsultores\/","article_modified_time":"2023-08-26T02:39:19+00:00","og_image":[{"width":1200,"height":675,"url":"https:\/\/gaap.com.br\/wp-content\/uploads\/2023\/07\/GAAP-Auditores-e-Consultores-Contabilidade.png","type":"image\/png"}],"twitter_card":"summary_large_image","twitter_misc":{"Est. reading time":"1 minute"},"schema":{"@context":"https:\/\/schema.org","@graph":[{"@type":"WebPage","@id":"https:\/\/gaap.com.br\/outsourcing\/","url":"https:\/\/gaap.com.br\/outsourcing\/","name":"Outsourcing - GAAP Auditores &amp; Consultores","isPartOf":{"@id":"https:\/\/gaap.com.br\/#website"},"datePublished":"2021-10-28T19:41:36+00:00","dateModified":"2023-08-26T02:39:19+00:00","description":"Trabalhamos com diversos softwares de gest\u00e3o (ERP), atrav\u00e9s de acesso remoto \u00e0 nossa base de dados via internet.","breadcrumb":{"@id":"https:\/\/gaap.com.br\/outsourcing\/#breadcrumb"},"inLanguage":"en-US","potentialAction":[{"@type":"ReadAction","target":["https:\/\/gaap.com.br\/outsourcing\/"]}]},{"@type":"BreadcrumbList","@id":"https:\/\/gaap.com.br\/outsourcing\/#breadcrumb","itemListElement":[{"@type":"ListItem","position":1,"name":"In\u00edcio","item":"https:\/\/gaap.com.br\/"},{"@type":"ListItem","position":2,"name":"Outsourcing"}]},{"@type":"WebSite","@id":"https:\/\/gaap.com.br\/#website","url":"https:\/\/gaap.com.br\/","name":"GAAP Auditores & Consultores","description":"Aprimoramos seus controles gerenciais para sua empresa manter o foco em multiplicar os neg\u00f3cios. Voc\u00ea multiplica seus neg\u00f3cios e n\u00f3s cuidamos da burocracia cont\u00e1bil.","publisher":{"@id":"https:\/\/gaap.com.br\/#organization"},"alternateName":"GAAP Contabilidade","potentialAction":[{"@type":"SearchAction","target":{"@type":"EntryPoint","urlTemplate":"https:\/\/gaap.com.br\/?s={search_term_string}"},"query-input":{"@type":"PropertyValueSpecification","valueRequired":true,"valueName":"search_term_string"}}],"inLanguage":"en-US"},{"@type":"Organization","@id":"https:\/\/gaap.com.br\/#organization","name":"GAAP Auditores & Consultores","alternateName":"GAAP Contabilidade","url":"https:\/\/gaap.com.br\/","logo":{"@type":"ImageObject","inLanguage":"en-US","@id":"https:\/\/gaap.com.br\/#\/schema\/logo\/image\/","url":"https:\/\/gaap.com.br\/wp-content\/uploads\/2023\/07\/Logo-GAAP-Auditores-e-Consultores-Contabilidade.png","contentUrl":"https:\/\/gaap.com.br\/wp-content\/uploads\/2023\/07\/Logo-GAAP-Auditores-e-Consultores-Contabilidade.png","width":500,"height":500,"caption":"GAAP Auditores & Consultores"},"image":{"@id":"https:\/\/gaap.com.br\/#\/schema\/logo\/image\/"},"sameAs":["https:\/\/www.facebook.com\/gaapauditoreseconsultores\/","https:\/\/www.instagram.com\/gaap.auditoreseconsultores\/","https:\/\/www.linkedin.com\/company\/gaapauditoreseconsultores\/?viewAsMember=true"]}]}},"_links":{"self":[{"href":"https:\/\/gaap.com.br\/en\/wp-json\/wp\/v2\/pages\/718","targetHints":{"allow":["GET"]}}],"collection":[{"href":"https:\/\/gaap.com.br\/en\/wp-json\/wp\/v2\/pages"}],"about":[{"href":"https:\/\/gaap.com.br\/en\/wp-json\/wp\/v2\/types\/page"}],"author":[{"embeddable":true,"href":"https:\/\/gaap.com.br\/en\/wp-json\/wp\/v2\/users\/1"}],"replies":[{"embeddable":true,"href":"https:\/\/gaap.com.br\/en\/wp-json\/wp\/v2\/comments?post=718"}],"version-history":[{"count":31,"href":"https:\/\/gaap.com.br\/en\/wp-json\/wp\/v2\/pages\/718\/revisions"}],"predecessor-version":[{"id":2873,"href":"https:\/\/gaap.com.br\/en\/wp-json\/wp\/v2\/pages\/718\/revisions\/2873"}],"wp:attachment":[{"href":"https:\/\/gaap.com.br\/en\/wp-json\/wp\/v2\/media?parent=718"}],"curies":[{"name":"wp","href":"https:\/\/api.w.org\/{rel}","templated":true}]}}