{"id":101,"date":"2021-08-09T20:52:31","date_gmt":"2021-08-09T20:52:31","guid":{"rendered":"https:\/\/vbarbieri.com.br\/gaap\/?page_id=101"},"modified":"2023-08-26T02:13:27","modified_gmt":"2023-08-26T02:13:27","slug":"parcerias","status":"publish","type":"page","link":"https:\/\/gaap.com.br\/en\/parcerias\/","title":{"rendered":"Partnerships"},"content":{"rendered":"<div data-elementor-type=\"wp-page\" data-elementor-id=\"101\" class=\"elementor elementor-101\">\n\t\t\t\t\t\t<section class=\"elementor-section elementor-top-section elementor-element elementor-element-9a054df elementor-section-full_width elementor-section-height-min-height elementor-section-height-default elementor-section-items-middle\" data-id=\"9a054df\" data-element_type=\"section\" data-e-type=\"section\" data-settings=\"{&quot;background_background&quot;:&quot;classic&quot;}\">\n\t\t\t\t\t\t\t<div class=\"elementor-background-overlay\"><\/div>\n\t\t\t\t\t\t\t<div class=\"elementor-container elementor-column-gap-default\">\n\t\t\t\t\t<div class=\"elementor-column elementor-col-100 elementor-top-column elementor-element elementor-element-64c7e5a\" data-id=\"64c7e5a\" data-element_type=\"column\" data-e-type=\"column\">\n\t\t\t<div class=\"elementor-widget-wrap elementor-element-populated\">\n\t\t\t\t\t\t<div class=\"elementor-element elementor-element-da32e36 elementor-widget elementor-widget-heading\" data-id=\"da32e36\" data-element_type=\"widget\" data-e-type=\"widget\" data-widget_type=\"heading.default\">\n\t\t\t\t<div class=\"elementor-widget-container\">\n\t\t\t\t\t<h2 class=\"elementor-heading-title elementor-size-default\">PARTNERSHIPS<\/h2>\t\t\t\t<\/div>\n\t\t\t\t<\/div>\n\t\t\t\t<div class=\"elementor-element elementor-element-032bdd7 elementor-widget elementor-widget-heading\" data-id=\"032bdd7\" data-element_type=\"widget\" data-e-type=\"widget\" data-widget_type=\"heading.default\">\n\t\t\t\t<div class=\"elementor-widget-container\">\n\t\t\t\t\t<h2 class=\"elementor-heading-title elementor-size-default\">Working in full harmony with common goals and ensuring a competitive differential.<\/h2>\t\t\t\t<\/div>\n\t\t\t\t<\/div>\n\t\t\t\t\t<\/div>\n\t\t<\/div>\n\t\t\t\t\t<\/div>\n\t\t<\/section>\n\t\t\t\t<section class=\"elementor-section elementor-top-section elementor-element elementor-element-bb9926a elementor-section-full_width elementor-section-height-min-height elementor-section-height-default elementor-section-items-middle\" data-id=\"bb9926a\" data-element_type=\"section\" data-e-type=\"section\" data-settings=\"{&quot;background_background&quot;:&quot;classic&quot;}\">\n\t\t\t\t\t\t<div class=\"elementor-container elementor-column-gap-default\">\n\t\t\t\t\t<div class=\"elementor-column elementor-col-100 elementor-top-column elementor-element elementor-element-91fd3db\" data-id=\"91fd3db\" data-element_type=\"column\" data-e-type=\"column\">\n\t\t\t<div class=\"elementor-widget-wrap elementor-element-populated\">\n\t\t\t\t\t\t<section class=\"elementor-section elementor-inner-section elementor-element elementor-element-1f95507 elementor-section-content-middle elementor-section-full_width elementor-section-height-default elementor-section-height-default\" data-id=\"1f95507\" data-element_type=\"section\" data-e-type=\"section\">\n\t\t\t\t\t\t<div class=\"elementor-container elementor-column-gap-narrow\">\n\t\t\t\t\t<div class=\"elementor-column elementor-col-50 elementor-inner-column elementor-element elementor-element-ba7d6f9\" data-id=\"ba7d6f9\" data-element_type=\"column\" data-e-type=\"column\">\n\t\t\t<div class=\"elementor-widget-wrap elementor-element-populated\">\n\t\t\t\t\t\t<div class=\"elementor-element elementor-element-7cd187b elementor-widget elementor-widget-image\" data-id=\"7cd187b\" data-element_type=\"widget\" data-e-type=\"widget\" data-widget_type=\"image.default\">\n\t\t\t\t<div class=\"elementor-widget-container\">\n\t\t\t\t\t\t\t\t\t\t\t\t\t\t\t<img fetchpriority=\"high\" decoding=\"async\" width=\"366\" height=\"366\" src=\"https:\/\/gaap.com.br\/wp-content\/uploads\/2021\/08\/Grupo-1.png\" class=\"attachment-large size-large wp-image-200\" alt=\"\" srcset=\"https:\/\/gaap.com.br\/wp-content\/uploads\/2021\/08\/Grupo-1.png 366w, https:\/\/gaap.com.br\/wp-content\/uploads\/2021\/08\/Grupo-1-300x300.png 300w, https:\/\/gaap.com.br\/wp-content\/uploads\/2021\/08\/Grupo-1-150x150.png 150w\" sizes=\"(max-width: 366px) 100vw, 366px\" \/>\t\t\t\t\t\t\t\t\t\t\t\t\t\t\t<\/div>\n\t\t\t\t<\/div>\n\t\t\t\t\t<\/div>\n\t\t<\/div>\n\t\t\t\t<div class=\"elementor-column elementor-col-50 elementor-inner-column elementor-element elementor-element-1f1fbf7\" data-id=\"1f1fbf7\" data-element_type=\"column\" data-e-type=\"column\">\n\t\t\t<div class=\"elementor-widget-wrap elementor-element-populated\">\n\t\t\t\t\t\t<div class=\"elementor-element elementor-element-43becd3 elementor-widget elementor-widget-text-editor\" data-id=\"43becd3\" data-element_type=\"widget\" data-e-type=\"widget\" data-widget_type=\"text-editor.default\">\n\t\t\t\t<div class=\"elementor-widget-container\">\n\t\t\t\t\t\t\t\t\t<p><span style=\"color: #333333;\">The Founder Institute is the largest accelerator of startups in the world, having helped launch more than 5,000 companies in over 200 cities and six continents. The companies that have participated in the program have raised more than a billion dollars and are valued at around $30 billion.\u00a0<\/span><\/p>\t\t\t\t\t\t\t\t<\/div>\n\t\t\t\t<\/div>\n\t\t\t\t\t<\/div>\n\t\t<\/div>\n\t\t\t\t\t<\/div>\n\t\t<\/section>\n\t\t\t\t\t<\/div>\n\t\t<\/div>\n\t\t\t\t\t<\/div>\n\t\t<\/section>\n\t\t\t\t<section class=\"elementor-section elementor-top-section elementor-element elementor-element-78d38d4 elementor-section-full_width elementor-section-height-min-height elementor-section-height-default elementor-section-items-middle\" data-id=\"78d38d4\" data-element_type=\"section\" data-e-type=\"section\" data-settings=\"{&quot;background_background&quot;:&quot;classic&quot;}\">\n\t\t\t\t\t\t<div class=\"elementor-container elementor-column-gap-default\">\n\t\t\t\t\t<div class=\"elementor-column elementor-col-100 elementor-top-column elementor-element elementor-element-cc1008e\" data-id=\"cc1008e\" data-element_type=\"column\" data-e-type=\"column\">\n\t\t\t<div class=\"elementor-widget-wrap elementor-element-populated\">\n\t\t\t\t\t\t<div class=\"elementor-element elementor-element-42bbf1e elementor-widget elementor-widget-heading\" data-id=\"42bbf1e\" data-element_type=\"widget\" data-e-type=\"widget\" data-widget_type=\"heading.default\">\n\t\t\t\t<div class=\"elementor-widget-container\">\n\t\t\t\t\t<h2 class=\"elementor-heading-title elementor-size-default\">Want to know more about our solutions?<\/h2>\t\t\t\t<\/div>\n\t\t\t\t<\/div>\n\t\t\t\t<div class=\"elementor-element elementor-element-df274ea elementor-widget elementor-widget-heading\" data-id=\"df274ea\" data-element_type=\"widget\" data-e-type=\"widget\" data-widget_type=\"heading.default\">\n\t\t\t\t<div class=\"elementor-widget-container\">\n\t\t\t\t\t<h2 class=\"elementor-heading-title elementor-size-default\">Contact our experts.<\/h2>\t\t\t\t<\/div>\n\t\t\t\t<\/div>\n\t\t\t\t<div class=\"elementor-element elementor-element-1d22ab0 elementor-align-center elementor-widget elementor-widget-button\" data-id=\"1d22ab0\" data-element_type=\"widget\" data-e-type=\"widget\" data-widget_type=\"button.default\">\n\t\t\t\t<div class=\"elementor-widget-container\">\n\t\t\t\t\t\t\t\t\t<div class=\"elementor-button-wrapper\">\n\t\t\t\t\t<a class=\"elementor-button elementor-button-link elementor-size-sm\" href=\"https:\/\/gaap.com.br\/en\/contato\/\">\n\t\t\t\t\t\t<span class=\"elementor-button-content-wrapper\">\n\t\t\t\t\t\t\t\t\t<span class=\"elementor-button-text\">Click here to do it.<\/span>\n\t\t\t\t\t<\/span>\n\t\t\t\t\t<\/a>\n\t\t\t\t<\/div>\n\t\t\t\t\t\t\t\t<\/div>\n\t\t\t\t<\/div>\n\t\t\t\t\t<\/div>\n\t\t<\/div>\n\t\t\t\t\t<\/div>\n\t\t<\/section>\n\t\t\t\t<\/div>","protected":false},"excerpt":{"rendered":"<p>PARCERIAS Trabalhando em plena harmonia com objetivos comuns e garantindo um diferencial competitivo. O Founder Institute \u00e9 o maior acelerador de startups do mundo, tendo ajudado a lan\u00e7ar mais de 5.000 empresas em mais de 200 cidades e seis continentes.<\/p>","protected":false},"author":1,"featured_media":0,"parent":0,"menu_order":0,"comment_status":"closed","ping_status":"closed","template":"elementor_header_footer","meta":{"_acf_changed":false,"_eb_attr":"","footnotes":""},"class_list":["post-101","page","type-page","status-publish","hentry"],"acf":[],"yoast_head":"<!-- This site is optimized with the Yoast SEO plugin v26.9 - https:\/\/yoast.com\/product\/yoast-seo-wordpress\/ -->\n<title>Parcerias - GAAP Auditores &amp; Consultores<\/title>\n<meta name=\"description\" content=\"Trabalhando em plena harmonia com objetivos comuns e garantindo um diferencial competitivo.\" \/>\n<meta name=\"robots\" content=\"index, follow, max-snippet:-1, max-image-preview:large, max-video-preview:-1\" \/>\n<link rel=\"canonical\" href=\"https:\/\/gaap.com.br\/en\/parcerias\/\" \/>\n<meta property=\"og:locale\" content=\"en_US\" \/>\n<meta property=\"og:type\" content=\"article\" \/>\n<meta property=\"og:title\" content=\"Parcerias - GAAP Auditores &amp; Consultores\" \/>\n<meta property=\"og:description\" content=\"Trabalhando em plena harmonia com objetivos comuns e garantindo um diferencial competitivo.\" \/>\n<meta property=\"og:url\" content=\"https:\/\/gaap.com.br\/en\/parcerias\/\" \/>\n<meta property=\"og:site_name\" content=\"GAAP Auditores &amp; Consultores\" \/>\n<meta property=\"article:publisher\" content=\"https:\/\/www.facebook.com\/gaapauditoreseconsultores\/\" \/>\n<meta property=\"article:modified_time\" content=\"2023-08-26T02:13:27+00:00\" \/>\n<meta property=\"og:image\" content=\"https:\/\/gaap.com.br\/wp-content\/uploads\/2021\/08\/Grupo-1.png\" \/>\n<meta name=\"twitter:card\" content=\"summary_large_image\" \/>\n<meta name=\"twitter:label1\" content=\"Est. reading time\" \/>\n\t<meta name=\"twitter:data1\" content=\"1 minute\" \/>\n<script type=\"application\/ld+json\" class=\"yoast-schema-graph\">{\"@context\":\"https:\/\/schema.org\",\"@graph\":[{\"@type\":\"WebPage\",\"@id\":\"https:\/\/gaap.com.br\/parcerias\/\",\"url\":\"https:\/\/gaap.com.br\/parcerias\/\",\"name\":\"Parcerias - GAAP Auditores &amp; Consultores\",\"isPartOf\":{\"@id\":\"https:\/\/gaap.com.br\/#website\"},\"primaryImageOfPage\":{\"@id\":\"https:\/\/gaap.com.br\/parcerias\/#primaryimage\"},\"image\":{\"@id\":\"https:\/\/gaap.com.br\/parcerias\/#primaryimage\"},\"thumbnailUrl\":\"https:\/\/gaap.com.br\/wp-content\/uploads\/2021\/08\/Grupo-1.png\",\"datePublished\":\"2021-08-09T20:52:31+00:00\",\"dateModified\":\"2023-08-26T02:13:27+00:00\",\"description\":\"Trabalhando em plena harmonia com objetivos comuns e garantindo um diferencial competitivo.\",\"breadcrumb\":{\"@id\":\"https:\/\/gaap.com.br\/parcerias\/#breadcrumb\"},\"inLanguage\":\"en-US\",\"potentialAction\":[{\"@type\":\"ReadAction\",\"target\":[\"https:\/\/gaap.com.br\/parcerias\/\"]}]},{\"@type\":\"ImageObject\",\"inLanguage\":\"en-US\",\"@id\":\"https:\/\/gaap.com.br\/parcerias\/#primaryimage\",\"url\":\"https:\/\/gaap.com.br\/wp-content\/uploads\/2021\/08\/Grupo-1.png\",\"contentUrl\":\"https:\/\/gaap.com.br\/wp-content\/uploads\/2021\/08\/Grupo-1.png\"},{\"@type\":\"BreadcrumbList\",\"@id\":\"https:\/\/gaap.com.br\/parcerias\/#breadcrumb\",\"itemListElement\":[{\"@type\":\"ListItem\",\"position\":1,\"name\":\"In\u00edcio\",\"item\":\"https:\/\/gaap.com.br\/\"},{\"@type\":\"ListItem\",\"position\":2,\"name\":\"Parcerias\"}]},{\"@type\":\"WebSite\",\"@id\":\"https:\/\/gaap.com.br\/#website\",\"url\":\"https:\/\/gaap.com.br\/\",\"name\":\"GAAP Auditores & Consultores\",\"description\":\"Aprimoramos seus controles gerenciais para sua empresa manter o foco em multiplicar os neg\u00f3cios. Voc\u00ea multiplica seus neg\u00f3cios e n\u00f3s cuidamos da burocracia cont\u00e1bil.\",\"publisher\":{\"@id\":\"https:\/\/gaap.com.br\/#organization\"},\"alternateName\":\"GAAP Contabilidade\",\"potentialAction\":[{\"@type\":\"SearchAction\",\"target\":{\"@type\":\"EntryPoint\",\"urlTemplate\":\"https:\/\/gaap.com.br\/?s={search_term_string}\"},\"query-input\":{\"@type\":\"PropertyValueSpecification\",\"valueRequired\":true,\"valueName\":\"search_term_string\"}}],\"inLanguage\":\"en-US\"},{\"@type\":\"Organization\",\"@id\":\"https:\/\/gaap.com.br\/#organization\",\"name\":\"GAAP Auditores & Consultores\",\"alternateName\":\"GAAP Contabilidade\",\"url\":\"https:\/\/gaap.com.br\/\",\"logo\":{\"@type\":\"ImageObject\",\"inLanguage\":\"en-US\",\"@id\":\"https:\/\/gaap.com.br\/#\/schema\/logo\/image\/\",\"url\":\"https:\/\/gaap.com.br\/wp-content\/uploads\/2023\/07\/Logo-GAAP-Auditores-e-Consultores-Contabilidade.png\",\"contentUrl\":\"https:\/\/gaap.com.br\/wp-content\/uploads\/2023\/07\/Logo-GAAP-Auditores-e-Consultores-Contabilidade.png\",\"width\":500,\"height\":500,\"caption\":\"GAAP Auditores & Consultores\"},\"image\":{\"@id\":\"https:\/\/gaap.com.br\/#\/schema\/logo\/image\/\"},\"sameAs\":[\"https:\/\/www.facebook.com\/gaapauditoreseconsultores\/\",\"https:\/\/www.instagram.com\/gaap.auditoreseconsultores\/\",\"https:\/\/www.linkedin.com\/company\/gaapauditoreseconsultores\/?viewAsMember=true\"]}]}<\/script>\n<!-- \/ Yoast SEO plugin. -->","yoast_head_json":{"title":"Parcerias - GAAP Auditores &amp; Consultores","description":"Trabalhando em plena harmonia com objetivos comuns e garantindo um diferencial competitivo.","robots":{"index":"index","follow":"follow","max-snippet":"max-snippet:-1","max-image-preview":"max-image-preview:large","max-video-preview":"max-video-preview:-1"},"canonical":"https:\/\/gaap.com.br\/en\/parcerias\/","og_locale":"en_US","og_type":"article","og_title":"Parcerias - GAAP Auditores &amp; Consultores","og_description":"Trabalhando em plena harmonia com objetivos comuns e garantindo um diferencial competitivo.","og_url":"https:\/\/gaap.com.br\/en\/parcerias\/","og_site_name":"GAAP Auditores &amp; Consultores","article_publisher":"https:\/\/www.facebook.com\/gaapauditoreseconsultores\/","article_modified_time":"2023-08-26T02:13:27+00:00","og_image":[{"url":"https:\/\/gaap.com.br\/wp-content\/uploads\/2021\/08\/Grupo-1.png","type":"","width":"","height":""}],"twitter_card":"summary_large_image","twitter_misc":{"Est. reading time":"1 minute"},"schema":{"@context":"https:\/\/schema.org","@graph":[{"@type":"WebPage","@id":"https:\/\/gaap.com.br\/parcerias\/","url":"https:\/\/gaap.com.br\/parcerias\/","name":"Parcerias - GAAP Auditores &amp; Consultores","isPartOf":{"@id":"https:\/\/gaap.com.br\/#website"},"primaryImageOfPage":{"@id":"https:\/\/gaap.com.br\/parcerias\/#primaryimage"},"image":{"@id":"https:\/\/gaap.com.br\/parcerias\/#primaryimage"},"thumbnailUrl":"https:\/\/gaap.com.br\/wp-content\/uploads\/2021\/08\/Grupo-1.png","datePublished":"2021-08-09T20:52:31+00:00","dateModified":"2023-08-26T02:13:27+00:00","description":"Trabalhando em plena harmonia com objetivos comuns e garantindo um diferencial competitivo.","breadcrumb":{"@id":"https:\/\/gaap.com.br\/parcerias\/#breadcrumb"},"inLanguage":"en-US","potentialAction":[{"@type":"ReadAction","target":["https:\/\/gaap.com.br\/parcerias\/"]}]},{"@type":"ImageObject","inLanguage":"en-US","@id":"https:\/\/gaap.com.br\/parcerias\/#primaryimage","url":"https:\/\/gaap.com.br\/wp-content\/uploads\/2021\/08\/Grupo-1.png","contentUrl":"https:\/\/gaap.com.br\/wp-content\/uploads\/2021\/08\/Grupo-1.png"},{"@type":"BreadcrumbList","@id":"https:\/\/gaap.com.br\/parcerias\/#breadcrumb","itemListElement":[{"@type":"ListItem","position":1,"name":"In\u00edcio","item":"https:\/\/gaap.com.br\/"},{"@type":"ListItem","position":2,"name":"Parcerias"}]},{"@type":"WebSite","@id":"https:\/\/gaap.com.br\/#website","url":"https:\/\/gaap.com.br\/","name":"GAAP Auditores & Consultores","description":"Aprimoramos seus controles gerenciais para sua empresa manter o foco em multiplicar os neg\u00f3cios. Voc\u00ea multiplica seus neg\u00f3cios e n\u00f3s cuidamos da burocracia cont\u00e1bil.","publisher":{"@id":"https:\/\/gaap.com.br\/#organization"},"alternateName":"GAAP Contabilidade","potentialAction":[{"@type":"SearchAction","target":{"@type":"EntryPoint","urlTemplate":"https:\/\/gaap.com.br\/?s={search_term_string}"},"query-input":{"@type":"PropertyValueSpecification","valueRequired":true,"valueName":"search_term_string"}}],"inLanguage":"en-US"},{"@type":"Organization","@id":"https:\/\/gaap.com.br\/#organization","name":"GAAP Auditores & Consultores","alternateName":"GAAP Contabilidade","url":"https:\/\/gaap.com.br\/","logo":{"@type":"ImageObject","inLanguage":"en-US","@id":"https:\/\/gaap.com.br\/#\/schema\/logo\/image\/","url":"https:\/\/gaap.com.br\/wp-content\/uploads\/2023\/07\/Logo-GAAP-Auditores-e-Consultores-Contabilidade.png","contentUrl":"https:\/\/gaap.com.br\/wp-content\/uploads\/2023\/07\/Logo-GAAP-Auditores-e-Consultores-Contabilidade.png","width":500,"height":500,"caption":"GAAP Auditores & Consultores"},"image":{"@id":"https:\/\/gaap.com.br\/#\/schema\/logo\/image\/"},"sameAs":["https:\/\/www.facebook.com\/gaapauditoreseconsultores\/","https:\/\/www.instagram.com\/gaap.auditoreseconsultores\/","https:\/\/www.linkedin.com\/company\/gaapauditoreseconsultores\/?viewAsMember=true"]}]}},"_links":{"self":[{"href":"https:\/\/gaap.com.br\/en\/wp-json\/wp\/v2\/pages\/101","targetHints":{"allow":["GET"]}}],"collection":[{"href":"https:\/\/gaap.com.br\/en\/wp-json\/wp\/v2\/pages"}],"about":[{"href":"https:\/\/gaap.com.br\/en\/wp-json\/wp\/v2\/types\/page"}],"author":[{"embeddable":true,"href":"https:\/\/gaap.com.br\/en\/wp-json\/wp\/v2\/users\/1"}],"replies":[{"embeddable":true,"href":"https:\/\/gaap.com.br\/en\/wp-json\/wp\/v2\/comments?post=101"}],"version-history":[{"count":82,"href":"https:\/\/gaap.com.br\/en\/wp-json\/wp\/v2\/pages\/101\/revisions"}],"predecessor-version":[{"id":2830,"href":"https:\/\/gaap.com.br\/en\/wp-json\/wp\/v2\/pages\/101\/revisions\/2830"}],"wp:attachment":[{"href":"https:\/\/gaap.com.br\/en\/wp-json\/wp\/v2\/media?parent=101"}],"curies":[{"name":"wp","href":"https:\/\/api.w.org\/{rel}","templated":true}]}}